{"id":5872,"date":"2021-03-09T14:15:10","date_gmt":"2021-03-09T13:15:10","guid":{"rendered":"https:\/\/www.vercors-resistance.fr\/?page_id=5872"},"modified":"2021-03-09T14:15:14","modified_gmt":"2021-03-09T13:15:14","slug":"formular-fuer-die-mitgliedschaft","status":"publish","type":"page","link":"https:\/\/www.vercors-resistance.fr\/de\/formular-fuer-die-mitgliedschaft\/","title":{"rendered":"Formular f\u00fcr die Mitgliedschaft"},"content":{"rendered":"\n<p>Die Mitgliedschaft in der Nationalen Vereinigung der Pioniere und freiwilligen K\u00e4mpfer des Vercors-Maquis, der Familie und der Freunde steht den K\u00e4mpfern des Vercors, ihren Nachkommen, ihren Familien und den Personen offen, die sich verpflichten, ihre T\u00e4tigkeit konkret zu unterst\u00fctzen. Die Bewerbung muss daher von einem Mitglied des Vereins begr\u00fcndet und unterst\u00fctzt werden. Das Fehlen einer Patenschaft ist kein Hinderungsgrund, da ein Antrag auf Patenschaft beim Vorstand gestellt werden kann, der alle Mitgliedschaften best\u00e4tigt.<\/p>\n\n\n\n<p>Um die Mitgliedschaft zu beantragen, f\u00fcllen Sie einfach dieses Formular aus. Alle Felder au\u00dfer dem Telefon sind Pflichtfelder.<\/p>\n\n\n\n<p><\/p>\n\n\n\n<p><\/p>\n\n\n\n<div class=\"wpcf7 no-js\" id=\"wpcf7-f526-o1\" lang=\"fr-FR\" dir=\"ltr\" data-wpcf7-id=\"526\">\n<div class=\"screen-reader-response\"><p role=\"status\" aria-live=\"polite\" aria-atomic=\"true\"><\/p> <ul><\/ul><\/div>\n<form action=\"\/de\/wp-json\/wp\/v2\/pages\/5872#wpcf7-f526-o1\" method=\"post\" class=\"wpcf7-form init\" aria-label=\"Formulaire de contact\" novalidate=\"novalidate\" data-status=\"init\">\n<fieldset class=\"hidden-fields-container\"><input type=\"hidden\" name=\"_wpcf7\" value=\"526\" \/><input type=\"hidden\" name=\"_wpcf7_version\" value=\"6.1.4\" \/><input type=\"hidden\" name=\"_wpcf7_locale\" value=\"fr_FR\" \/><input type=\"hidden\" name=\"_wpcf7_unit_tag\" value=\"wpcf7-f526-o1\" \/><input type=\"hidden\" name=\"_wpcf7_container_post\" value=\"0\" \/><input type=\"hidden\" name=\"_wpcf7_posted_data_hash\" value=\"\" \/><input type=\"hidden\" name=\"_wpcf7cf_hidden_group_fields\" value=\"[]\" \/><input type=\"hidden\" name=\"_wpcf7cf_hidden_groups\" value=\"[]\" \/><input type=\"hidden\" name=\"_wpcf7cf_visible_groups\" value=\"[]\" \/><input type=\"hidden\" name=\"_wpcf7cf_repeaters\" value=\"[]\" \/><input type=\"hidden\" name=\"_wpcf7cf_steps\" value=\"{}\" \/><input type=\"hidden\" name=\"_wpcf7cf_options\" value=\"{&quot;form_id&quot;:526,&quot;conditions&quot;:[{&quot;then_field&quot;:&quot;nom-parent&quot;,&quot;and_rules&quot;:[{&quot;if_field&quot;:&quot;au-titre-de&quot;,&quot;operator&quot;:&quot;equals&quot;,&quot;if_value&quot;:&quot;Au titre de parent de r\\u00e9sistant du maquis du Vercors&quot;}]},{&quot;then_field&quot;:&quot;membre-associe&quot;,&quot;and_rules&quot;:[{&quot;if_field&quot;:&quot;au-titre-de&quot;,&quot;operator&quot;:&quot;equals&quot;,&quot;if_value&quot;:&quot;Au titre de membre associ\\u00e9&quot;}]}],&quot;settings&quot;:{&quot;animation&quot;:&quot;yes&quot;,&quot;animation_intime&quot;:200,&quot;animation_outtime&quot;:200,&quot;conditions_ui&quot;:&quot;normal&quot;,&quot;notice_dismissed&quot;:false}}\" \/><input type=\"hidden\" name=\"_wpcf7_recaptcha_response\" value=\"\" \/>\n<\/fieldset>\n<div class=\"cols\">\n\t<div class=\"col left\">\n\t\t<p><label> Nom \/ Pr\u00e9nom (obligatoire) <\/label><br \/>\n<span class=\"wpcf7-form-control-wrap\" data-name=\"your-name\"><input size=\"40\" maxlength=\"400\" class=\"wpcf7-form-control wpcf7-text wpcf7-validates-as-required\" aria-required=\"true\" aria-invalid=\"false\" value=\"\" type=\"text\" name=\"your-name\" \/><\/span>\n\t\t<\/p>\n\t\t<p><label> Date de naissance (obligatoire) <\/label><br \/>\n<span class=\"wpcf7-form-control-wrap\" data-name=\"your-date-naiss\"><input size=\"40\" maxlength=\"400\" class=\"wpcf7-form-control wpcf7-text wpcf7-validates-as-required\" aria-required=\"true\" aria-invalid=\"false\" value=\"\" type=\"text\" name=\"your-date-naiss\" \/><\/span>\n\t\t<\/p>\n\t\t<p><label> Adresse <\/label><br \/>\n<span class=\"wpcf7-form-control-wrap\" data-name=\"your-Address\"><input size=\"40\" maxlength=\"400\" class=\"wpcf7-form-control wpcf7-text\" aria-invalid=\"false\" value=\"\" type=\"text\" name=\"your-Address\" \/><\/span>\n\t\t<\/p>\n\t\t<p><label> Code postal, ville <\/label><br \/>\n<span class=\"wpcf7-form-control-wrap\" data-name=\"your-CP-Ville\"><input size=\"40\" maxlength=\"400\" class=\"wpcf7-form-control wpcf7-text\" aria-invalid=\"false\" value=\"\" type=\"text\" name=\"your-CP-Ville\" \/><\/span>\n\t\t<\/p>\n\t\t<p><label> N\u00b0 t\u00e9l. <\/label><br \/>\n<span class=\"wpcf7-form-control-wrap\" data-name=\"your-tel\"><input size=\"40\" maxlength=\"400\" class=\"wpcf7-form-control wpcf7-tel wpcf7-text wpcf7-validates-as-tel\" aria-invalid=\"false\" value=\"\" type=\"tel\" name=\"your-tel\" \/><\/span>\n\t\t<\/p>\n\t\t<p><label> Courriel* <\/label><br \/>\n<span class=\"wpcf7-form-control-wrap\" data-name=\"your-email\"><input size=\"40\" maxlength=\"400\" class=\"wpcf7-form-control wpcf7-email wpcf7-validates-as-required wpcf7-text wpcf7-validates-as-email\" aria-required=\"true\" aria-invalid=\"false\" value=\"\" type=\"email\" name=\"your-email\" \/><\/span>\n\t\t<\/p>\n\t<\/div>\n\t<div class=\"col right\">\n\t\t<p><span class=\"wpcf7-form-control-wrap\" data-name=\"au-titre-de\"><span class=\"wpcf7-form-control wpcf7-radio\"><span class=\"wpcf7-list-item first\"><input type=\"radio\" name=\"au-titre-de\" value=\"Au titre d&#039;ancien r\u00e9sistant du maquis du Vercors\" checked=\"checked\" \/><span class=\"wpcf7-list-item-label\">Au titre d&#039;ancien r\u00e9sistant du maquis du Vercors<\/span><\/span><span class=\"wpcf7-list-item\"><input type=\"radio\" name=\"au-titre-de\" value=\"Au titre de parent de r\u00e9sistant du maquis du Vercors\" \/><span class=\"wpcf7-list-item-label\">Au titre de parent de r\u00e9sistant du maquis du Vercors<\/span><\/span><span class=\"wpcf7-list-item last\"><input type=\"radio\" name=\"au-titre-de\" value=\"Au titre de membre associ\u00e9\" \/><span class=\"wpcf7-list-item-label\">Au titre de membre associ\u00e9<\/span><\/span><\/span><\/span>\n\t\t<\/p>\n\t\t<div data-id=\"nom-parent\" data-orig_data_id=\"nom-parent\" data-clear_on_hide class=\"\" data-class=\"wpcf7cf_group\">\n\t\t\t<p><label> Nom parent <\/label><br \/>\n<span class=\"wpcf7-form-control-wrap\" data-name=\"nom-parent\"><input size=\"40\" maxlength=\"400\" class=\"wpcf7-form-control wpcf7-text wpcf7-validates-as-required\" aria-required=\"true\" aria-invalid=\"false\" value=\"\" type=\"text\" name=\"nom-parent\" \/><\/span>\n\t\t\t<\/p>\n\t\t\t<p><label> Lien de parent\u00e9 <\/label><br \/>\n<span class=\"wpcf7-form-control-wrap\" data-name=\"lien-parente\"><input size=\"40\" maxlength=\"400\" class=\"wpcf7-form-control wpcf7-text wpcf7-validates-as-required\" aria-required=\"true\" aria-invalid=\"false\" value=\"\" type=\"text\" name=\"lien-parente\" \/><\/span>\n\t\t\t<\/p>\n\t\t<\/div>\n\t\t<div data-id=\"membre-associe\" data-orig_data_id=\"membre-associe\" data-clear_on_hide class=\"\" data-class=\"wpcf7cf_group\">\n\t\t\t<p><label> Contribution apport\u00e9e \u00e0 la transmission des valeurs et de l'histoire du maquis du Vercors<\/label><br \/>\n<span class=\"wpcf7-form-control-wrap\" data-name=\"contribution\"><input size=\"40\" maxlength=\"400\" class=\"wpcf7-form-control wpcf7-text wpcf7-validates-as-required\" aria-required=\"true\" aria-invalid=\"false\" value=\"\" type=\"text\" name=\"contribution\" \/><\/span>\n\t\t\t<\/p>\n\t\t<\/div>\n\t<\/div>\n<\/div>\n<div class=\"infos\">\n\t<p>Montant de l'adh\u00e9sion (cotisation annuelle) : <b>30,00 \u20ac<\/b><br \/>\nPour les moins de 25 ans : <b>10,00 \u20ac<\/b>\n\t<\/p>\n<\/div>\n<p><span class=\"wpcf7-form-control-wrap\" data-name=\"checkbox-456\"><span class=\"wpcf7-form-control wpcf7-checkbox wpcf7-validates-as-required\"><span class=\"wpcf7-list-item first last\"><input type=\"checkbox\" name=\"checkbox-456[]\" value=\"Conform\u00e9ment \u00e0 l&#039;article 3 des statuts de l&#039;association, &quot;L&#039;adh\u00e9sion n&#039;est effective qu&#039;apr\u00e8s avis favorable du conseil d&#039;administration et selon la cat\u00e9gorie de membre, apr\u00e8s paiement de la cotisation&quot;\" \/><span class=\"wpcf7-list-item-label\">Conform\u00e9ment \u00e0 l&#039;article 3 des statuts de l&#039;association, &quot;L&#039;adh\u00e9sion n&#039;est effective qu&#039;apr\u00e8s avis favorable du conseil d&#039;administration et selon la cat\u00e9gorie de membre, apr\u00e8s paiement de la cotisation&quot;<\/span><\/span><\/span><\/span>\n<\/p>\n<p><span class=\"wpcf7-form-control-wrap\" data-name=\"checkbox-457\"><span class=\"wpcf7-form-control wpcf7-checkbox wpcf7-validates-as-required\"><span class=\"wpcf7-list-item first last\"><input type=\"checkbox\" name=\"checkbox-457[]\" value=\"En adh\u00e9rent \u00e0 l&#039;Association Nationale des Pionniers et Combattants volontaires du maquis du Vercors, familles et amis, je m&#039;engage \u00e0 respecter ses statuts mis \u00e0 ma disposition au si\u00e8ge de l&#039;association.\" \/><span class=\"wpcf7-list-item-label\">En adh\u00e9rent \u00e0 l&#039;Association Nationale des Pionniers et Combattants volontaires du maquis du Vercors, familles et amis, je m&#039;engage \u00e0 respecter ses statuts mis \u00e0 ma disposition au si\u00e8ge de l&#039;association.<\/span><\/span><\/span><\/span>\n<\/p>\n<p><input class=\"wpcf7-form-control wpcf7-submit has-spinner\" type=\"submit\" value=\"Envoyer\" \/>\n<\/p><p style=\"display: none !important;\" class=\"akismet-fields-container\" data-prefix=\"_wpcf7_ak_\"><label>&#916;<textarea name=\"_wpcf7_ak_hp_textarea\" cols=\"45\" rows=\"8\" maxlength=\"100\"><\/textarea><\/label><input type=\"hidden\" id=\"ak_js_1\" name=\"_wpcf7_ak_js\" value=\"125\"\/><script>document.getElementById( \"ak_js_1\" ).setAttribute( \"value\", ( new Date() ).getTime() );<\/script><\/p><div class=\"wpcf7-response-output\" aria-hidden=\"true\"><\/div>\n<\/form>\n<\/div>\n\n\n\n\n<p><a href=\"http:\/\/vercors-resistance.fr\/les-statuts\/\">Prendre connaissance des statuts de l&#8217;association<\/a><br><\/p>\n","protected":false},"excerpt":{"rendered":"<p>Die Mitgliedschaft in der Nationalen Vereinigung der Pioniere und freiwilligen K\u00e4mpfer des Vercors-Maquis, der Familie und der Freunde steht den K\u00e4mpfern des Vercors, ihren Nachkommen, ihren Familien und den Personen offen, die sich verpflichten, ihre T\u00e4tigkeit konkret zu unterst\u00fctzen. Die Bewerbung muss daher von einem Mitglied des Vereins begr\u00fcndet und unterst\u00fctzt werden. Das Fehlen einer (&#8230;) <a href=\"https:\/\/www.vercors-resistance.fr\/de\/formular-fuer-die-mitgliedschaft\/\">Lire la suite<\/a><\/p>\n","protected":false},"author":1,"featured_media":0,"parent":0,"menu_order":0,"comment_status":"closed","ping_status":"closed","template":"","meta":{"_acf_changed":false,"_exactmetrics_skip_tracking":false,"_exactmetrics_sitenote_active":false,"_exactmetrics_sitenote_note":"","_exactmetrics_sitenote_category":0,"footnotes":""},"class_list":["post-5872","page","type-page","status-publish","hentry"],"acf":[],"yoast_head":"<!-- This site is optimized with the Yoast SEO plugin v26.7 - https:\/\/yoast.com\/wordpress\/plugins\/seo\/ -->\n<title>Formular f\u00fcr die Mitgliedschaft - Association nationale des pionniers et combattants volontaires du maquis du Vercors<\/title>\n<meta name=\"robots\" content=\"index, follow, max-snippet:-1, max-image-preview:large, max-video-preview:-1\" \/>\n<link rel=\"canonical\" href=\"https:\/\/www.vercors-resistance.fr\/bulletin-dadhesion\/\" \/>\n<meta property=\"og:locale\" content=\"de_DE\" \/>\n<meta property=\"og:type\" content=\"article\" \/>\n<meta property=\"og:title\" content=\"Formular f\u00fcr die Mitgliedschaft - Association nationale des pionniers et combattants volontaires du maquis du Vercors\" \/>\n<meta property=\"og:description\" content=\"Die Mitgliedschaft in der Nationalen Vereinigung der Pioniere und freiwilligen K\u00e4mpfer des Vercors-Maquis, der Familie und der Freunde steht den K\u00e4mpfern des Vercors, ihren Nachkommen, ihren Familien und den Personen offen, die sich verpflichten, ihre T\u00e4tigkeit konkret zu unterst\u00fctzen. Die Bewerbung muss daher von einem Mitglied des Vereins begr\u00fcndet und unterst\u00fctzt werden. Das Fehlen einer (...) Lire la suite\" \/>\n<meta property=\"og:url\" content=\"https:\/\/www.vercors-resistance.fr\/bulletin-dadhesion\/\" \/>\n<meta property=\"og:site_name\" content=\"Association nationale des pionniers et combattants volontaires du maquis du Vercors\" \/>\n<meta property=\"article:modified_time\" content=\"2021-03-09T13:15:14+00:00\" \/>\n<meta name=\"twitter:card\" content=\"summary_large_image\" \/>\n<meta name=\"twitter:label1\" content=\"Gesch\u00e4tzte Lesezeit\" \/>\n\t<meta name=\"twitter:data1\" content=\"1\u00a0Minute\" \/>\n<script type=\"application\/ld+json\" class=\"yoast-schema-graph\">{\"@context\":\"https:\/\/schema.org\",\"@graph\":[{\"@type\":\"WebPage\",\"@id\":\"https:\/\/www.vercors-resistance.fr\/bulletin-dadhesion\/\",\"url\":\"https:\/\/www.vercors-resistance.fr\/bulletin-dadhesion\/\",\"name\":\"Formular f\u00fcr die Mitgliedschaft - Association nationale des pionniers et combattants volontaires du maquis du Vercors\",\"isPartOf\":{\"@id\":\"https:\/\/www.vercors-resistance.fr\/#website\"},\"datePublished\":\"2021-03-09T13:15:10+00:00\",\"dateModified\":\"2021-03-09T13:15:14+00:00\",\"breadcrumb\":{\"@id\":\"https:\/\/www.vercors-resistance.fr\/bulletin-dadhesion\/#breadcrumb\"},\"inLanguage\":\"de\",\"potentialAction\":[{\"@type\":\"ReadAction\",\"target\":[\"https:\/\/www.vercors-resistance.fr\/bulletin-dadhesion\/\"]}]},{\"@type\":\"BreadcrumbList\",\"@id\":\"https:\/\/www.vercors-resistance.fr\/bulletin-dadhesion\/#breadcrumb\",\"itemListElement\":[{\"@type\":\"ListItem\",\"position\":1,\"name\":\"Accueil\",\"item\":\"https:\/\/www.vercors-resistance.fr\/\"},{\"@type\":\"ListItem\",\"position\":2,\"name\":\"Formular f\u00fcr die Mitgliedschaft\"}]},{\"@type\":\"WebSite\",\"@id\":\"https:\/\/www.vercors-resistance.fr\/#website\",\"url\":\"https:\/\/www.vercors-resistance.fr\/\",\"name\":\"Association nationale des pionniers et combattants volontaires du maquis du Vercors\",\"description\":\"La flamme de la r\u00e9sistance fran\u00e7aise ne doit pas s\u2019\u00e9teindre et ne s\u2019\u00e9teindra pas &lt;span&gt;Charles de Gaulle, appel du 18 juin 1940&lt;\/span&gt;\",\"potentialAction\":[{\"@type\":\"SearchAction\",\"target\":{\"@type\":\"EntryPoint\",\"urlTemplate\":\"https:\/\/www.vercors-resistance.fr\/?s={search_term_string}\"},\"query-input\":{\"@type\":\"PropertyValueSpecification\",\"valueRequired\":true,\"valueName\":\"search_term_string\"}}],\"inLanguage\":\"de\"}]}<\/script>\n<!-- \/ Yoast SEO plugin. -->","yoast_head_json":{"title":"Formular f\u00fcr die Mitgliedschaft - Association nationale des pionniers et combattants volontaires du maquis du Vercors","robots":{"index":"index","follow":"follow","max-snippet":"max-snippet:-1","max-image-preview":"max-image-preview:large","max-video-preview":"max-video-preview:-1"},"canonical":"https:\/\/www.vercors-resistance.fr\/bulletin-dadhesion\/","og_locale":"de_DE","og_type":"article","og_title":"Formular f\u00fcr die Mitgliedschaft - Association nationale des pionniers et combattants volontaires du maquis du Vercors","og_description":"Die Mitgliedschaft in der Nationalen Vereinigung der Pioniere und freiwilligen K\u00e4mpfer des Vercors-Maquis, der Familie und der Freunde steht den K\u00e4mpfern des Vercors, ihren Nachkommen, ihren Familien und den Personen offen, die sich verpflichten, ihre T\u00e4tigkeit konkret zu unterst\u00fctzen. Die Bewerbung muss daher von einem Mitglied des Vereins begr\u00fcndet und unterst\u00fctzt werden. Das Fehlen einer (...) Lire la suite","og_url":"https:\/\/www.vercors-resistance.fr\/bulletin-dadhesion\/","og_site_name":"Association nationale des pionniers et combattants volontaires du maquis du Vercors","article_modified_time":"2021-03-09T13:15:14+00:00","twitter_card":"summary_large_image","twitter_misc":{"Gesch\u00e4tzte Lesezeit":"1\u00a0Minute"},"schema":{"@context":"https:\/\/schema.org","@graph":[{"@type":"WebPage","@id":"https:\/\/www.vercors-resistance.fr\/bulletin-dadhesion\/","url":"https:\/\/www.vercors-resistance.fr\/bulletin-dadhesion\/","name":"Formular f\u00fcr die Mitgliedschaft - Association nationale des pionniers et combattants volontaires du maquis du Vercors","isPartOf":{"@id":"https:\/\/www.vercors-resistance.fr\/#website"},"datePublished":"2021-03-09T13:15:10+00:00","dateModified":"2021-03-09T13:15:14+00:00","breadcrumb":{"@id":"https:\/\/www.vercors-resistance.fr\/bulletin-dadhesion\/#breadcrumb"},"inLanguage":"de","potentialAction":[{"@type":"ReadAction","target":["https:\/\/www.vercors-resistance.fr\/bulletin-dadhesion\/"]}]},{"@type":"BreadcrumbList","@id":"https:\/\/www.vercors-resistance.fr\/bulletin-dadhesion\/#breadcrumb","itemListElement":[{"@type":"ListItem","position":1,"name":"Accueil","item":"https:\/\/www.vercors-resistance.fr\/"},{"@type":"ListItem","position":2,"name":"Formular f\u00fcr die Mitgliedschaft"}]},{"@type":"WebSite","@id":"https:\/\/www.vercors-resistance.fr\/#website","url":"https:\/\/www.vercors-resistance.fr\/","name":"Association nationale des pionniers et combattants volontaires du maquis du Vercors","description":"La flamme de la r\u00e9sistance fran\u00e7aise ne doit pas s\u2019\u00e9teindre et ne s\u2019\u00e9teindra pas &lt;span&gt;Charles de Gaulle, appel du 18 juin 1940&lt;\/span&gt;","potentialAction":[{"@type":"SearchAction","target":{"@type":"EntryPoint","urlTemplate":"https:\/\/www.vercors-resistance.fr\/?s={search_term_string}"},"query-input":{"@type":"PropertyValueSpecification","valueRequired":true,"valueName":"search_term_string"}}],"inLanguage":"de"}]}},"_links":{"self":[{"href":"https:\/\/www.vercors-resistance.fr\/de\/wp-json\/wp\/v2\/pages\/5872","targetHints":{"allow":["GET"]}}],"collection":[{"href":"https:\/\/www.vercors-resistance.fr\/de\/wp-json\/wp\/v2\/pages"}],"about":[{"href":"https:\/\/www.vercors-resistance.fr\/de\/wp-json\/wp\/v2\/types\/page"}],"author":[{"embeddable":true,"href":"https:\/\/www.vercors-resistance.fr\/de\/wp-json\/wp\/v2\/users\/1"}],"replies":[{"embeddable":true,"href":"https:\/\/www.vercors-resistance.fr\/de\/wp-json\/wp\/v2\/comments?post=5872"}],"version-history":[{"count":0,"href":"https:\/\/www.vercors-resistance.fr\/de\/wp-json\/wp\/v2\/pages\/5872\/revisions"}],"wp:attachment":[{"href":"https:\/\/www.vercors-resistance.fr\/de\/wp-json\/wp\/v2\/media?parent=5872"}],"curies":[{"name":"wp","href":"https:\/\/api.w.org\/{rel}","templated":true}]}}