{"id":5870,"date":"2021-03-09T14:14:10","date_gmt":"2021-03-09T13:14:10","guid":{"rendered":"https:\/\/www.vercors-resistance.fr\/?page_id=5870"},"modified":"2021-03-09T14:14:15","modified_gmt":"2021-03-09T13:14:15","slug":"membership-form","status":"publish","type":"page","link":"https:\/\/www.vercors-resistance.fr\/en\/membership-form\/","title":{"rendered":"Membership form"},"content":{"rendered":"\n<p>Lhe membership to the National Association of Pioneers and Voluntary Combatants of the Vercors maquis, family and friends is open to the combatants of the Vercors, their descendants, their families and to people who commit themselves to concretely support its action. The application must therefore be motivated and sponsored by a member of the Association. The absence of sponsorship is not an impediment because a request for sponsorship can be made to the Board of Directors which validates all memberships.<\/p>\n\n\n\n<p>To apply for membership, simply fill out this form. All fields are mandatory except the telephone.<\/p>\n\n\n\n<p><\/p>\n\n\n\n<p><\/p>\n\n\n\n<div class=\"wpcf7 no-js\" id=\"wpcf7-f526-o1\" lang=\"fr-FR\" dir=\"ltr\" data-wpcf7-id=\"526\">\n<div class=\"screen-reader-response\"><p role=\"status\" aria-live=\"polite\" aria-atomic=\"true\"><\/p> <ul><\/ul><\/div>\n<form action=\"\/en\/wp-json\/wp\/v2\/pages\/5870#wpcf7-f526-o1\" method=\"post\" class=\"wpcf7-form init\" aria-label=\"Formulaire de contact\" novalidate=\"novalidate\" data-status=\"init\">\n<fieldset class=\"hidden-fields-container\"><input type=\"hidden\" name=\"_wpcf7\" value=\"526\" \/><input type=\"hidden\" name=\"_wpcf7_version\" value=\"6.1.4\" \/><input type=\"hidden\" name=\"_wpcf7_locale\" value=\"fr_FR\" \/><input type=\"hidden\" name=\"_wpcf7_unit_tag\" value=\"wpcf7-f526-o1\" \/><input type=\"hidden\" name=\"_wpcf7_container_post\" value=\"0\" \/><input type=\"hidden\" name=\"_wpcf7_posted_data_hash\" value=\"\" \/><input type=\"hidden\" name=\"_wpcf7cf_hidden_group_fields\" value=\"[]\" \/><input type=\"hidden\" name=\"_wpcf7cf_hidden_groups\" value=\"[]\" \/><input type=\"hidden\" name=\"_wpcf7cf_visible_groups\" value=\"[]\" \/><input type=\"hidden\" name=\"_wpcf7cf_repeaters\" value=\"[]\" \/><input type=\"hidden\" name=\"_wpcf7cf_steps\" value=\"{}\" \/><input type=\"hidden\" name=\"_wpcf7cf_options\" value=\"{&quot;form_id&quot;:526,&quot;conditions&quot;:[{&quot;then_field&quot;:&quot;nom-parent&quot;,&quot;and_rules&quot;:[{&quot;if_field&quot;:&quot;au-titre-de&quot;,&quot;operator&quot;:&quot;equals&quot;,&quot;if_value&quot;:&quot;Au titre de parent de r\\u00e9sistant du maquis du Vercors&quot;}]},{&quot;then_field&quot;:&quot;membre-associe&quot;,&quot;and_rules&quot;:[{&quot;if_field&quot;:&quot;au-titre-de&quot;,&quot;operator&quot;:&quot;equals&quot;,&quot;if_value&quot;:&quot;Au titre de membre associ\\u00e9&quot;}]}],&quot;settings&quot;:{&quot;animation&quot;:&quot;yes&quot;,&quot;animation_intime&quot;:200,&quot;animation_outtime&quot;:200,&quot;conditions_ui&quot;:&quot;normal&quot;,&quot;notice_dismissed&quot;:false}}\" \/><input type=\"hidden\" name=\"_wpcf7_recaptcha_response\" value=\"\" \/>\n<\/fieldset>\n<div class=\"cols\">\n\t<div class=\"col left\">\n\t\t<p><label> Nom \/ Pr\u00e9nom (obligatoire) <\/label><br \/>\n<span class=\"wpcf7-form-control-wrap\" data-name=\"your-name\"><input size=\"40\" maxlength=\"400\" class=\"wpcf7-form-control wpcf7-text wpcf7-validates-as-required\" aria-required=\"true\" aria-invalid=\"false\" value=\"\" type=\"text\" name=\"your-name\" \/><\/span>\n\t\t<\/p>\n\t\t<p><label> Date de naissance (obligatoire) <\/label><br \/>\n<span class=\"wpcf7-form-control-wrap\" data-name=\"your-date-naiss\"><input size=\"40\" maxlength=\"400\" class=\"wpcf7-form-control wpcf7-text wpcf7-validates-as-required\" aria-required=\"true\" aria-invalid=\"false\" value=\"\" type=\"text\" name=\"your-date-naiss\" \/><\/span>\n\t\t<\/p>\n\t\t<p><label> Adresse <\/label><br \/>\n<span class=\"wpcf7-form-control-wrap\" data-name=\"your-Address\"><input size=\"40\" maxlength=\"400\" class=\"wpcf7-form-control wpcf7-text\" aria-invalid=\"false\" value=\"\" type=\"text\" name=\"your-Address\" \/><\/span>\n\t\t<\/p>\n\t\t<p><label> Code postal, ville <\/label><br \/>\n<span class=\"wpcf7-form-control-wrap\" data-name=\"your-CP-Ville\"><input size=\"40\" maxlength=\"400\" class=\"wpcf7-form-control wpcf7-text\" aria-invalid=\"false\" value=\"\" type=\"text\" name=\"your-CP-Ville\" \/><\/span>\n\t\t<\/p>\n\t\t<p><label> N\u00b0 t\u00e9l. <\/label><br \/>\n<span class=\"wpcf7-form-control-wrap\" data-name=\"your-tel\"><input size=\"40\" maxlength=\"400\" class=\"wpcf7-form-control wpcf7-tel wpcf7-text wpcf7-validates-as-tel\" aria-invalid=\"false\" value=\"\" type=\"tel\" name=\"your-tel\" \/><\/span>\n\t\t<\/p>\n\t\t<p><label> Courriel* <\/label><br \/>\n<span class=\"wpcf7-form-control-wrap\" data-name=\"your-email\"><input size=\"40\" maxlength=\"400\" class=\"wpcf7-form-control wpcf7-email wpcf7-validates-as-required wpcf7-text wpcf7-validates-as-email\" aria-required=\"true\" aria-invalid=\"false\" value=\"\" type=\"email\" name=\"your-email\" \/><\/span>\n\t\t<\/p>\n\t<\/div>\n\t<div class=\"col right\">\n\t\t<p><span class=\"wpcf7-form-control-wrap\" data-name=\"au-titre-de\"><span class=\"wpcf7-form-control wpcf7-radio\"><span class=\"wpcf7-list-item first\"><input type=\"radio\" name=\"au-titre-de\" value=\"Au titre d&#039;ancien r\u00e9sistant du maquis du Vercors\" checked=\"checked\" \/><span class=\"wpcf7-list-item-label\">Au titre d&#039;ancien r\u00e9sistant du maquis du Vercors<\/span><\/span><span class=\"wpcf7-list-item\"><input type=\"radio\" name=\"au-titre-de\" value=\"Au titre de parent de r\u00e9sistant du maquis du Vercors\" \/><span class=\"wpcf7-list-item-label\">Au titre de parent de r\u00e9sistant du maquis du Vercors<\/span><\/span><span class=\"wpcf7-list-item last\"><input type=\"radio\" name=\"au-titre-de\" value=\"Au titre de membre associ\u00e9\" \/><span class=\"wpcf7-list-item-label\">Au titre de membre associ\u00e9<\/span><\/span><\/span><\/span>\n\t\t<\/p>\n\t\t<div data-id=\"nom-parent\" data-orig_data_id=\"nom-parent\" data-clear_on_hide class=\"\" data-class=\"wpcf7cf_group\">\n\t\t\t<p><label> Nom parent <\/label><br \/>\n<span class=\"wpcf7-form-control-wrap\" data-name=\"nom-parent\"><input size=\"40\" maxlength=\"400\" class=\"wpcf7-form-control wpcf7-text wpcf7-validates-as-required\" aria-required=\"true\" aria-invalid=\"false\" value=\"\" type=\"text\" name=\"nom-parent\" \/><\/span>\n\t\t\t<\/p>\n\t\t\t<p><label> Lien de parent\u00e9 <\/label><br \/>\n<span class=\"wpcf7-form-control-wrap\" data-name=\"lien-parente\"><input size=\"40\" maxlength=\"400\" class=\"wpcf7-form-control wpcf7-text wpcf7-validates-as-required\" aria-required=\"true\" aria-invalid=\"false\" value=\"\" type=\"text\" name=\"lien-parente\" \/><\/span>\n\t\t\t<\/p>\n\t\t<\/div>\n\t\t<div data-id=\"membre-associe\" data-orig_data_id=\"membre-associe\" data-clear_on_hide class=\"\" data-class=\"wpcf7cf_group\">\n\t\t\t<p><label> Contribution apport\u00e9e \u00e0 la transmission des valeurs et de l'histoire du maquis du Vercors<\/label><br \/>\n<span class=\"wpcf7-form-control-wrap\" data-name=\"contribution\"><input size=\"40\" maxlength=\"400\" class=\"wpcf7-form-control wpcf7-text wpcf7-validates-as-required\" aria-required=\"true\" aria-invalid=\"false\" value=\"\" type=\"text\" name=\"contribution\" \/><\/span>\n\t\t\t<\/p>\n\t\t<\/div>\n\t<\/div>\n<\/div>\n<div class=\"infos\">\n\t<p>Montant de l'adh\u00e9sion (cotisation annuelle) : <b>30,00 \u20ac<\/b><br \/>\nPour les moins de 25 ans : <b>10,00 \u20ac<\/b>\n\t<\/p>\n<\/div>\n<p><span class=\"wpcf7-form-control-wrap\" data-name=\"checkbox-456\"><span class=\"wpcf7-form-control wpcf7-checkbox wpcf7-validates-as-required\"><span class=\"wpcf7-list-item first last\"><input type=\"checkbox\" name=\"checkbox-456[]\" value=\"Conform\u00e9ment \u00e0 l&#039;article 3 des statuts de l&#039;association, &quot;L&#039;adh\u00e9sion n&#039;est effective qu&#039;apr\u00e8s avis favorable du conseil d&#039;administration et selon la cat\u00e9gorie de membre, apr\u00e8s paiement de la cotisation&quot;\" \/><span class=\"wpcf7-list-item-label\">Conform\u00e9ment \u00e0 l&#039;article 3 des statuts de l&#039;association, &quot;L&#039;adh\u00e9sion n&#039;est effective qu&#039;apr\u00e8s avis favorable du conseil d&#039;administration et selon la cat\u00e9gorie de membre, apr\u00e8s paiement de la cotisation&quot;<\/span><\/span><\/span><\/span>\n<\/p>\n<p><span class=\"wpcf7-form-control-wrap\" data-name=\"checkbox-457\"><span class=\"wpcf7-form-control wpcf7-checkbox wpcf7-validates-as-required\"><span class=\"wpcf7-list-item first last\"><input type=\"checkbox\" name=\"checkbox-457[]\" value=\"En adh\u00e9rent \u00e0 l&#039;Association Nationale des Pionniers et Combattants volontaires du maquis du Vercors, familles et amis, je m&#039;engage \u00e0 respecter ses statuts mis \u00e0 ma disposition au si\u00e8ge de l&#039;association.\" \/><span class=\"wpcf7-list-item-label\">En adh\u00e9rent \u00e0 l&#039;Association Nationale des Pionniers et Combattants volontaires du maquis du Vercors, familles et amis, je m&#039;engage \u00e0 respecter ses statuts mis \u00e0 ma disposition au si\u00e8ge de l&#039;association.<\/span><\/span><\/span><\/span>\n<\/p>\n<p><input class=\"wpcf7-form-control wpcf7-submit has-spinner\" type=\"submit\" value=\"Envoyer\" \/>\n<\/p><p style=\"display: none !important;\" class=\"akismet-fields-container\" data-prefix=\"_wpcf7_ak_\"><label>&#916;<textarea name=\"_wpcf7_ak_hp_textarea\" cols=\"45\" rows=\"8\" maxlength=\"100\"><\/textarea><\/label><input type=\"hidden\" id=\"ak_js_1\" name=\"_wpcf7_ak_js\" value=\"105\"\/><script>document.getElementById( \"ak_js_1\" ).setAttribute( \"value\", ( new Date() ).getTime() );<\/script><\/p><div class=\"wpcf7-response-output\" aria-hidden=\"true\"><\/div>\n<\/form>\n<\/div>\n\n\n\n\n<p><a href=\"http:\/\/vercors-resistance.fr\/les-statuts\/\">Prendre connaissance des statuts de l&#8217;association<\/a><br><\/p>\n","protected":false},"excerpt":{"rendered":"<p>Lhe membership to the National Association of Pioneers and Voluntary Combatants of the Vercors maquis, family and friends is open to the combatants of the Vercors, their descendants, their families and to people who commit themselves to concretely support its action. The application must therefore be motivated and sponsored by a member of the Association. (&#8230;) <a href=\"https:\/\/www.vercors-resistance.fr\/en\/membership-form\/\">Lire la suite<\/a><\/p>\n","protected":false},"author":1,"featured_media":0,"parent":0,"menu_order":0,"comment_status":"closed","ping_status":"closed","template":"","meta":{"_acf_changed":false,"_exactmetrics_skip_tracking":false,"_exactmetrics_sitenote_active":false,"_exactmetrics_sitenote_note":"","_exactmetrics_sitenote_category":0,"footnotes":""},"class_list":["post-5870","page","type-page","status-publish","hentry"],"acf":[],"yoast_head":"<!-- This site is optimized with the Yoast SEO plugin v26.7 - https:\/\/yoast.com\/wordpress\/plugins\/seo\/ -->\n<title>Membership form - Association nationale des pionniers et combattants volontaires du maquis du Vercors<\/title>\n<meta name=\"robots\" content=\"index, follow, max-snippet:-1, max-image-preview:large, max-video-preview:-1\" \/>\n<link rel=\"canonical\" href=\"https:\/\/www.vercors-resistance.fr\/en\/membership-form\/\" \/>\n<meta property=\"og:locale\" content=\"en_US\" \/>\n<meta property=\"og:type\" content=\"article\" \/>\n<meta property=\"og:title\" content=\"Membership form - Association nationale des pionniers et combattants volontaires du maquis du Vercors\" \/>\n<meta property=\"og:description\" content=\"Lhe membership to the National Association of Pioneers and Voluntary Combatants of the Vercors maquis, family and friends is open to the combatants of the Vercors, their descendants, their families and to people who commit themselves to concretely support its action. The application must therefore be motivated and sponsored by a member of the Association. (...) Lire la suite\" \/>\n<meta property=\"og:url\" content=\"https:\/\/www.vercors-resistance.fr\/en\/membership-form\/\" \/>\n<meta property=\"og:site_name\" content=\"Association nationale des pionniers et combattants volontaires du maquis du Vercors\" \/>\n<meta property=\"article:modified_time\" content=\"2021-03-09T13:14:15+00:00\" \/>\n<meta name=\"twitter:card\" content=\"summary_large_image\" \/>\n<meta name=\"twitter:label1\" content=\"Est. reading time\" \/>\n\t<meta name=\"twitter:data1\" content=\"1 minute\" \/>\n<script type=\"application\/ld+json\" class=\"yoast-schema-graph\">{\"@context\":\"https:\/\/schema.org\",\"@graph\":[{\"@type\":\"WebPage\",\"@id\":\"https:\/\/www.vercors-resistance.fr\/en\/membership-form\/\",\"url\":\"https:\/\/www.vercors-resistance.fr\/en\/membership-form\/\",\"name\":\"Membership form - Association nationale des pionniers et combattants volontaires du maquis du Vercors\",\"isPartOf\":{\"@id\":\"https:\/\/www.vercors-resistance.fr\/#website\"},\"datePublished\":\"2021-03-09T13:14:10+00:00\",\"dateModified\":\"2021-03-09T13:14:15+00:00\",\"breadcrumb\":{\"@id\":\"https:\/\/www.vercors-resistance.fr\/en\/membership-form\/#breadcrumb\"},\"inLanguage\":\"en-US\",\"potentialAction\":[{\"@type\":\"ReadAction\",\"target\":[\"https:\/\/www.vercors-resistance.fr\/en\/membership-form\/\"]}]},{\"@type\":\"BreadcrumbList\",\"@id\":\"https:\/\/www.vercors-resistance.fr\/en\/membership-form\/#breadcrumb\",\"itemListElement\":[{\"@type\":\"ListItem\",\"position\":1,\"name\":\"Accueil\",\"item\":\"https:\/\/www.vercors-resistance.fr\/en\/\"},{\"@type\":\"ListItem\",\"position\":2,\"name\":\"Membership form\"}]},{\"@type\":\"WebSite\",\"@id\":\"https:\/\/www.vercors-resistance.fr\/#website\",\"url\":\"https:\/\/www.vercors-resistance.fr\/\",\"name\":\"Association nationale des pionniers et combattants volontaires du maquis du Vercors\",\"description\":\"La flamme de la r\u00e9sistance fran\u00e7aise ne doit pas s\u2019\u00e9teindre et ne s\u2019\u00e9teindra pas &lt;span&gt;Charles de Gaulle, appel du 18 juin 1940&lt;\/span&gt;\",\"potentialAction\":[{\"@type\":\"SearchAction\",\"target\":{\"@type\":\"EntryPoint\",\"urlTemplate\":\"https:\/\/www.vercors-resistance.fr\/?s={search_term_string}\"},\"query-input\":{\"@type\":\"PropertyValueSpecification\",\"valueRequired\":true,\"valueName\":\"search_term_string\"}}],\"inLanguage\":\"en-US\"}]}<\/script>\n<!-- \/ Yoast SEO plugin. -->","yoast_head_json":{"title":"Membership form - Association nationale des pionniers et combattants volontaires du maquis du Vercors","robots":{"index":"index","follow":"follow","max-snippet":"max-snippet:-1","max-image-preview":"max-image-preview:large","max-video-preview":"max-video-preview:-1"},"canonical":"https:\/\/www.vercors-resistance.fr\/en\/membership-form\/","og_locale":"en_US","og_type":"article","og_title":"Membership form - Association nationale des pionniers et combattants volontaires du maquis du Vercors","og_description":"Lhe membership to the National Association of Pioneers and Voluntary Combatants of the Vercors maquis, family and friends is open to the combatants of the Vercors, their descendants, their families and to people who commit themselves to concretely support its action. The application must therefore be motivated and sponsored by a member of the Association. (...) Lire la suite","og_url":"https:\/\/www.vercors-resistance.fr\/en\/membership-form\/","og_site_name":"Association nationale des pionniers et combattants volontaires du maquis du Vercors","article_modified_time":"2021-03-09T13:14:15+00:00","twitter_card":"summary_large_image","twitter_misc":{"Est. reading time":"1 minute"},"schema":{"@context":"https:\/\/schema.org","@graph":[{"@type":"WebPage","@id":"https:\/\/www.vercors-resistance.fr\/en\/membership-form\/","url":"https:\/\/www.vercors-resistance.fr\/en\/membership-form\/","name":"Membership form - Association nationale des pionniers et combattants volontaires du maquis du Vercors","isPartOf":{"@id":"https:\/\/www.vercors-resistance.fr\/#website"},"datePublished":"2021-03-09T13:14:10+00:00","dateModified":"2021-03-09T13:14:15+00:00","breadcrumb":{"@id":"https:\/\/www.vercors-resistance.fr\/en\/membership-form\/#breadcrumb"},"inLanguage":"en-US","potentialAction":[{"@type":"ReadAction","target":["https:\/\/www.vercors-resistance.fr\/en\/membership-form\/"]}]},{"@type":"BreadcrumbList","@id":"https:\/\/www.vercors-resistance.fr\/en\/membership-form\/#breadcrumb","itemListElement":[{"@type":"ListItem","position":1,"name":"Accueil","item":"https:\/\/www.vercors-resistance.fr\/en\/"},{"@type":"ListItem","position":2,"name":"Membership form"}]},{"@type":"WebSite","@id":"https:\/\/www.vercors-resistance.fr\/#website","url":"https:\/\/www.vercors-resistance.fr\/","name":"Association nationale des pionniers et combattants volontaires du maquis du Vercors","description":"La flamme de la r\u00e9sistance fran\u00e7aise ne doit pas s\u2019\u00e9teindre et ne s\u2019\u00e9teindra pas &lt;span&gt;Charles de Gaulle, appel du 18 juin 1940&lt;\/span&gt;","potentialAction":[{"@type":"SearchAction","target":{"@type":"EntryPoint","urlTemplate":"https:\/\/www.vercors-resistance.fr\/?s={search_term_string}"},"query-input":{"@type":"PropertyValueSpecification","valueRequired":true,"valueName":"search_term_string"}}],"inLanguage":"en-US"}]}},"_links":{"self":[{"href":"https:\/\/www.vercors-resistance.fr\/en\/wp-json\/wp\/v2\/pages\/5870","targetHints":{"allow":["GET"]}}],"collection":[{"href":"https:\/\/www.vercors-resistance.fr\/en\/wp-json\/wp\/v2\/pages"}],"about":[{"href":"https:\/\/www.vercors-resistance.fr\/en\/wp-json\/wp\/v2\/types\/page"}],"author":[{"embeddable":true,"href":"https:\/\/www.vercors-resistance.fr\/en\/wp-json\/wp\/v2\/users\/1"}],"replies":[{"embeddable":true,"href":"https:\/\/www.vercors-resistance.fr\/en\/wp-json\/wp\/v2\/comments?post=5870"}],"version-history":[{"count":0,"href":"https:\/\/www.vercors-resistance.fr\/en\/wp-json\/wp\/v2\/pages\/5870\/revisions"}],"wp:attachment":[{"href":"https:\/\/www.vercors-resistance.fr\/en\/wp-json\/wp\/v2\/media?parent=5870"}],"curies":[{"name":"wp","href":"https:\/\/api.w.org\/{rel}","templated":true}]}}