{"id":5887,"date":"2021-03-09T14:26:04","date_gmt":"2021-03-09T13:26:04","guid":{"rendered":"https:\/\/www.vercors-resistance.fr\/?page_id=5887"},"modified":"2021-03-09T14:26:10","modified_gmt":"2021-03-09T13:26:10","slug":"the-pioneers-of-the-vercors-from-yesterday-to-today","status":"publish","type":"page","link":"https:\/\/www.vercors-resistance.fr\/en\/the-pioneers-of-the-vercors-from-yesterday-to-today\/","title":{"rendered":"The Pioneers of the Vercors, from yesterday to today"},"content":{"rendered":"\n<p>L\u2019id\u00e9e d\u2019une association avait germ\u00e9 en pleine clandestinit\u00e9. D\u00e8s l&#8217;origine, c&#8217;est le terme d&#8217;amicale qui fut choisi. Ainsi est n\u00e9e l&#8217;Amicale des Pionniers du Vercors (<a href=\"https:\/\/www.vercors-resistance.fr\/wp-content\/uploads\/2019\/05\/Jean-William-Dereymez.pdf\" target=\"_blank\" rel=\"noreferrer noopener\" aria-label=\" (s\u2019ouvre dans un nouvel onglet)\">la pr\u00e9sentation des origines de l&#8217;association<\/a> par Jean-William Dereymez). En 1952, elle est reconnue d&#8217;utilit\u00e9 publique.<\/p>\n\n\n\n<p>A l&#8217;automne 1944, alors que la guerre se poursuit, l&#8217;amicale se\nfixe comme l&#8217;un de ses premiers objectifs la reconstruction du\nVercors. Elle y participe en liaison \u00e9troite avec le Comit\u00e9 d&#8217;aide\net de reconstruction du Vercors (CRAV). L&#8217;amicale se donne \u00e9galement\npour objet  la d\u00e9fense des droits des anciens combattants de la\nr\u00e9sistance &#8211; que ce soit dans les aspects sp\u00e9cifiques au minist\u00e8re\nde la D\u00e9fense ou plus largement au regard de l&#8217;ensemble des droits\nsociaux &#8211; et l&#8217;entraide entre les anciens du maquis. Au fil des ans,\nles descendants des pionniers ont rejoint l&#8217;association et pris des\nresponsabilit\u00e9s dans son fonctionnement.<\/p>\n\n\n\n<div class=\"wp-block-image\"><figure class=\"alignright size-large\"><img loading=\"lazy\" decoding=\"async\" width=\"500\" height=\"300\" src=\"https:\/\/www.vercors-resistance.fr\/wp-content\/uploads\/2020\/03\/DSC_0033-copie.jpg\" alt=\"\" class=\"wp-image-4956\" srcset=\"https:\/\/www.vercors-resistance.fr\/wp-content\/uploads\/2020\/03\/DSC_0033-copie.jpg 500w, https:\/\/www.vercors-resistance.fr\/wp-content\/uploads\/2020\/03\/DSC_0033-copie-300x180.jpg 300w\" sizes=\"auto, (max-width: 500px) 100vw, 500px\" \/><figcaption>L\u2019association des Pionniers a r\u00e9alis\u00e9 une exposition mobile qui expose \u00e0 grands traits l\u2019histoire du maquis et de la r\u00e9sistance en Vercors. Elle a \u00e9t\u00e9 pr\u00e9sent\u00e9e au public le 23 mai 2019 et elle est depuis disponible pour \u00eatre install\u00e9e dans diff\u00e9rentes manifestations.<\/figcaption><\/figure><\/div>\n\n\n\n<p>En 2017, elle devient l\u2019Association nationale des pionniers et\ncombattants volontaires du maquis du Vercors-familles et amis et\ncompte quelque trois cents adh\u00e9rents en 2018.<\/p>\n\n\n\n<p>L\u2019adh\u00e9sion \u00e0 l\u2019Association nationale des pionniers et combattants volontaires du maquis du Vercors, famille et amis est ouverte aux combattants du Vercors, \u00e0 leurs descendants, \u00e0 leurs familles et aux personnes qui s\u2019engagent \u00e0 soutenir concr\u00e8tement son action. La candidature doit donc \u00eatre motiv\u00e9e et parrain\u00e9e par un membre de l\u2019Association. L\u2019absence de parrainage n\u2019est pas un emp\u00eachement car une demande de parrainage peut \u00eatre faite aupr\u00e8s du conseil d\u2019administration qui valide toutes les adh\u00e9sions.<\/p>\n\n\n\n<p>L&#8217;ANPCVMVFA est organis\u00e9e sur l&#8217;ensemble du territoire national. Son si\u00e8ge national est situ\u00e9 \u00e0 Grenoble, au pied du massif du Vercors. L&#8217;association est structur\u00e9e en huit sections locales&nbsp;: Autrans-M\u00e9audre, Grenoble, Paris, Mens Monestier-de-Clermont, Pont-en-Royans, Romans Bourg-de-P\u00e9age, Saint-Jean-en-Royans et Villard-de-Lans. <\/p>\n\n\n\n<p>Elle \u00e9dite r\u00e9guli\u00e8rement un bulletin d&#8217;information et de liaison dont le premier num\u00e9ro est paru en mars 1945 &#8211; il a \u00e9t\u00e9 cr\u00e9\u00e9 par la section de Grenoble de l&#8217;association &#8211; et qui est publi\u00e9 \u00e0 raison de deux \u00e0 trois num\u00e9ros chaque ann\u00e9e. Elle a co-r\u00e9alis\u00e9 avec la Fondation de la R\u00e9sistance <a rel=\"noreferrer noopener\" aria-label=\" (s\u2019ouvre dans un nouvel onglet)\" href=\"http:\/\/www.museedelaresistanceenligne.org\/expo.php?expo=89\" target=\"_blank\">une exposition virtuelle en ligne.<\/a> Une <a rel=\"noreferrer noopener\" aria-label=\"page Facebook  (s\u2019ouvre dans un nouvel onglet)\" href=\"https:\/\/www.facebook.com\/maquisardsduvercors\/\" target=\"_blank\">page Facebook <\/a>a \u00e9t\u00e9 cr\u00e9\u00e9e.<\/p>\n\n\n\n<p>Elle participe \u00e0 des c\u00e9r\u00e9monies m\u00e9morielles dont, pour certaines, elle prend en charge l&#8217;organisation. Elle apporte \u00e9galement son concours \u00e0 des travaux scientifiques de recherche historique : pendant plusieurs d\u00e9cennies de nombreuses publications livresques ont \u00e9t\u00e9 encourag\u00e9es.<\/p>\n\n\n\n<p>En 2019, l&#8217;association a formalis\u00e9 les relations qu&#8217;elle entretient depuis ses origines avec la 27e brigade d&#8217;infanterie de montagne (<a href=\"https:\/\/www.vercors-resistance.fr\/wp-content\/uploads\/2020\/11\/Convention-signee-27-BIM.pdf\" target=\"_blank\" rel=\"noreferrer noopener\">texte \u00e0 t\u00e9l\u00e9charger<\/a>) et le Souvenir fran\u00e7ais (<a href=\"https:\/\/www.vercors-resistance.fr\/wp-content\/uploads\/2020\/11\/Convention-signee-SF.pdf\" target=\"_blank\" rel=\"noreferrer noopener\">texte \u00e0 t\u00e9l\u00e9charger<\/a>) par la signature de deux conventions.<\/p>\n\n\n\n<p>Depuis 2012, de nouvelles recherches historiques et scientifiques\nsont men\u00e9es. Leurs r\u00e9sultats sont pr\u00e9sent\u00e9s aux scolaires comme \u00e0\ntous les publics selon des modalit\u00e9s fix\u00e9s avec tous les acteurs\nint\u00e9ress\u00e9s. Avec la cr\u00e9ation de son site internet et la mise en\nligne de nombreux documents num\u00e9ris\u00e9s sur ces pages, l&#8217;association\nsouhaite contribuer \u00e0 une nouvelle avanc\u00e9e de la recherche\nhistorique.<\/p>\n\n\n\n<p>L&#8217;association est actuellement pr\u00e9sid\u00e9e par Daniel Huillier, officier de la L\u00e9gion d&#8217;honneur.<\/p>\n\n\n\n<p><strong>Pr\u00e9sident fondateur<\/strong><br>Eug\u00e8ne Chavant dit \u00ab Clement \u00bb \u2020 1894 &#8211; 1969, chef civil du maquis du Vercors, commandeur de la L\u00e9gion d\u2019honneur, Compagnon de la lib\u00e9ration.  <\/p>\n\n\n\n<p><strong>Pr\u00e9sidents d\u2019honneur<\/strong><br>M. le pr\u00e9fet de l\u2019Is\u00e8re<br>M. le pr\u00e9fet de la Dr\u00f4me<br>M. Jean-Pierre Levy \u2020 chef du mouvement Franc-tireur,  grand-croix de la L\u00e9gion d\u2019honneur, Compagnon de la lib\u00e9ration<br>G\u00e9n\u00e9ral d\u2019arm\u00e9e Marcel Descour \u2020 grand-officier de la L\u00e9gion d\u2019honneur<br>G\u00e9n\u00e9ral de corps d\u2019arm\u00e9e Fran\u00e7ois Huet \u2020 grand-officier de la L\u00e9gion d\u2019honneur<br>G\u00e9n\u00e9ral de corps d\u2019arm\u00e9e Alain Le Ray \u2020 grand-croix de la L\u00e9gion d\u2019honneur<br>G\u00e9n\u00e9ral de corps d\u2019arm\u00e9e Roland Costa de Beauregard \u2020 grand-officier de la L\u00e9gion d\u2019honneur<br>Eug\u00e8ne Samuel (Jacques) \u2020 officier de la L\u00e9gion d\u2019honneur<\/p>\n\n\n\n<p><strong>Pr\u00e9sidents nationaux honoraires<\/strong><br>Abel Demeure \u2020 m\u00e9daill\u00e9 militaire<br>Georges Ravinet \u2020 chevalier de la L\u00e9gion d\u2019honneur<br>Colonel Louis Bouchier \u2020 commandeur de la L\u00e9gion d\u2019honneur<br>Georges Fereyre \u2020 chevalier de la L\u00e9gion d\u2019honneur<\/p>\n\n\n\n<p><strong>Pr\u00e9sident d\u00e9l\u00e9gu\u00e9 honoraire<\/strong><br>Anthelme Croibier-Muscat \u2020 m\u00e9daill\u00e9 militaire, officier de l\u2019Ordre national du m\u00e9rite<\/p>\n\n\n\n<p><strong>Vice-pr\u00e9sidents nationaux honoraires<\/strong><br>Paul brisac \u2020 chevalier de la L\u00e9gion d\u2019honneur<br>Marin Dentella \u2020 chevalier de la L\u00e9gion d\u2019honneur<\/p>\n\n\n\n<p><strong>Elev\u00e9 \u00e0 l\u2019honorariat<\/strong><br>Colonel Paul Wolfrom \u2020 commandeur de la L\u00e9gion d\u2019honneur<\/p>\n","protected":false},"excerpt":{"rendered":"<p>L\u2019id\u00e9e d\u2019une association avait germ\u00e9 en pleine clandestinit\u00e9. D\u00e8s l&#8217;origine, c&#8217;est le terme d&#8217;amicale qui fut choisi. Ainsi est n\u00e9e l&#8217;Amicale des Pionniers du Vercors (la pr\u00e9sentation des origines de l&#8217;association par Jean-William Dereymez). En 1952, elle est reconnue d&#8217;utilit\u00e9 publique. A l&#8217;automne 1944, alors que la guerre se poursuit, l&#8217;amicale se fixe comme l&#8217;un (&#8230;) <a href=\"https:\/\/www.vercors-resistance.fr\/en\/the-pioneers-of-the-vercors-from-yesterday-to-today\/\">Lire la suite<\/a><\/p>\n","protected":false},"author":1,"featured_media":0,"parent":0,"menu_order":0,"comment_status":"closed","ping_status":"closed","template":"","meta":{"_acf_changed":false,"_exactmetrics_skip_tracking":false,"_exactmetrics_sitenote_active":false,"_exactmetrics_sitenote_note":"","_exactmetrics_sitenote_category":0,"footnotes":""},"class_list":["post-5887","page","type-page","status-publish","hentry"],"acf":[],"yoast_head":"<!-- This site is optimized with the Yoast SEO plugin v26.7 - https:\/\/yoast.com\/wordpress\/plugins\/seo\/ -->\n<title>The Pioneers of the Vercors, from yesterday to today - Association nationale des pionniers et combattants volontaires du maquis du Vercors<\/title>\n<meta name=\"robots\" content=\"index, follow, max-snippet:-1, max-image-preview:large, max-video-preview:-1\" \/>\n<link rel=\"canonical\" href=\"https:\/\/www.vercors-resistance.fr\/en\/the-pioneers-of-the-vercors-from-yesterday-to-today\/\" \/>\n<meta property=\"og:locale\" content=\"en_US\" \/>\n<meta property=\"og:type\" content=\"article\" \/>\n<meta property=\"og:title\" content=\"The Pioneers of the Vercors, from yesterday to today - Association nationale des pionniers et combattants volontaires du maquis du Vercors\" \/>\n<meta property=\"og:description\" content=\"L\u2019id\u00e9e d\u2019une association avait germ\u00e9 en pleine clandestinit\u00e9. D\u00e8s l&#8217;origine, c&#8217;est le terme d&#8217;amicale qui fut choisi. Ainsi est n\u00e9e l&#8217;Amicale des Pionniers du Vercors (la pr\u00e9sentation des origines de l&#8217;association par Jean-William Dereymez). En 1952, elle est reconnue d&#8217;utilit\u00e9 publique. A l&#8217;automne 1944, alors que la guerre se poursuit, l&#8217;amicale se fixe comme l&#8217;un (...) Lire la suite\" \/>\n<meta property=\"og:url\" content=\"https:\/\/www.vercors-resistance.fr\/en\/the-pioneers-of-the-vercors-from-yesterday-to-today\/\" \/>\n<meta property=\"og:site_name\" content=\"Association nationale des pionniers et combattants volontaires du maquis du Vercors\" \/>\n<meta property=\"article:modified_time\" content=\"2021-03-09T13:26:10+00:00\" \/>\n<meta property=\"og:image\" content=\"https:\/\/www.vercors-resistance.fr\/wp-content\/uploads\/2020\/03\/DSC_0033-copie.jpg\" \/>\n<meta name=\"twitter:card\" content=\"summary_large_image\" \/>\n<meta name=\"twitter:label1\" content=\"Est. reading time\" \/>\n\t<meta name=\"twitter:data1\" content=\"4 minutes\" \/>\n<script type=\"application\/ld+json\" class=\"yoast-schema-graph\">{\"@context\":\"https:\/\/schema.org\",\"@graph\":[{\"@type\":\"WebPage\",\"@id\":\"https:\/\/www.vercors-resistance.fr\/en\/the-pioneers-of-the-vercors-from-yesterday-to-today\/\",\"url\":\"https:\/\/www.vercors-resistance.fr\/en\/the-pioneers-of-the-vercors-from-yesterday-to-today\/\",\"name\":\"The Pioneers of the Vercors, from yesterday to today - Association nationale des pionniers et combattants volontaires du maquis du Vercors\",\"isPartOf\":{\"@id\":\"https:\/\/www.vercors-resistance.fr\/#website\"},\"primaryImageOfPage\":{\"@id\":\"https:\/\/www.vercors-resistance.fr\/en\/the-pioneers-of-the-vercors-from-yesterday-to-today\/#primaryimage\"},\"image\":{\"@id\":\"https:\/\/www.vercors-resistance.fr\/en\/the-pioneers-of-the-vercors-from-yesterday-to-today\/#primaryimage\"},\"thumbnailUrl\":\"https:\/\/www.vercors-resistance.fr\/wp-content\/uploads\/2020\/03\/DSC_0033-copie.jpg\",\"datePublished\":\"2021-03-09T13:26:04+00:00\",\"dateModified\":\"2021-03-09T13:26:10+00:00\",\"breadcrumb\":{\"@id\":\"https:\/\/www.vercors-resistance.fr\/en\/the-pioneers-of-the-vercors-from-yesterday-to-today\/#breadcrumb\"},\"inLanguage\":\"en-US\",\"potentialAction\":[{\"@type\":\"ReadAction\",\"target\":[\"https:\/\/www.vercors-resistance.fr\/en\/the-pioneers-of-the-vercors-from-yesterday-to-today\/\"]}]},{\"@type\":\"ImageObject\",\"inLanguage\":\"en-US\",\"@id\":\"https:\/\/www.vercors-resistance.fr\/en\/the-pioneers-of-the-vercors-from-yesterday-to-today\/#primaryimage\",\"url\":\"https:\/\/www.vercors-resistance.fr\/wp-content\/uploads\/2020\/03\/DSC_0033-copie.jpg\",\"contentUrl\":\"https:\/\/www.vercors-resistance.fr\/wp-content\/uploads\/2020\/03\/DSC_0033-copie.jpg\"},{\"@type\":\"BreadcrumbList\",\"@id\":\"https:\/\/www.vercors-resistance.fr\/en\/the-pioneers-of-the-vercors-from-yesterday-to-today\/#breadcrumb\",\"itemListElement\":[{\"@type\":\"ListItem\",\"position\":1,\"name\":\"Accueil\",\"item\":\"https:\/\/www.vercors-resistance.fr\/en\/\"},{\"@type\":\"ListItem\",\"position\":2,\"name\":\"The Pioneers of the Vercors, from yesterday to today\"}]},{\"@type\":\"WebSite\",\"@id\":\"https:\/\/www.vercors-resistance.fr\/#website\",\"url\":\"https:\/\/www.vercors-resistance.fr\/\",\"name\":\"Association nationale des pionniers et combattants volontaires du maquis du Vercors\",\"description\":\"La flamme de la r\u00e9sistance fran\u00e7aise ne doit pas s\u2019\u00e9teindre et ne s\u2019\u00e9teindra pas &lt;span&gt;Charles de Gaulle, appel du 18 juin 1940&lt;\/span&gt;\",\"potentialAction\":[{\"@type\":\"SearchAction\",\"target\":{\"@type\":\"EntryPoint\",\"urlTemplate\":\"https:\/\/www.vercors-resistance.fr\/?s={search_term_string}\"},\"query-input\":{\"@type\":\"PropertyValueSpecification\",\"valueRequired\":true,\"valueName\":\"search_term_string\"}}],\"inLanguage\":\"en-US\"}]}<\/script>\n<!-- \/ Yoast SEO plugin. -->","yoast_head_json":{"title":"The Pioneers of the Vercors, from yesterday to today - Association nationale des pionniers et combattants volontaires du maquis du Vercors","robots":{"index":"index","follow":"follow","max-snippet":"max-snippet:-1","max-image-preview":"max-image-preview:large","max-video-preview":"max-video-preview:-1"},"canonical":"https:\/\/www.vercors-resistance.fr\/en\/the-pioneers-of-the-vercors-from-yesterday-to-today\/","og_locale":"en_US","og_type":"article","og_title":"The Pioneers of the Vercors, from yesterday to today - Association nationale des pionniers et combattants volontaires du maquis du Vercors","og_description":"L\u2019id\u00e9e d\u2019une association avait germ\u00e9 en pleine clandestinit\u00e9. D\u00e8s l&#8217;origine, c&#8217;est le terme d&#8217;amicale qui fut choisi. Ainsi est n\u00e9e l&#8217;Amicale des Pionniers du Vercors (la pr\u00e9sentation des origines de l&#8217;association par Jean-William Dereymez). En 1952, elle est reconnue d&#8217;utilit\u00e9 publique. A l&#8217;automne 1944, alors que la guerre se poursuit, l&#8217;amicale se fixe comme l&#8217;un (...) Lire la suite","og_url":"https:\/\/www.vercors-resistance.fr\/en\/the-pioneers-of-the-vercors-from-yesterday-to-today\/","og_site_name":"Association nationale des pionniers et combattants volontaires du maquis du Vercors","article_modified_time":"2021-03-09T13:26:10+00:00","og_image":[{"url":"https:\/\/www.vercors-resistance.fr\/wp-content\/uploads\/2020\/03\/DSC_0033-copie.jpg","type":"","width":"","height":""}],"twitter_card":"summary_large_image","twitter_misc":{"Est. reading time":"4 minutes"},"schema":{"@context":"https:\/\/schema.org","@graph":[{"@type":"WebPage","@id":"https:\/\/www.vercors-resistance.fr\/en\/the-pioneers-of-the-vercors-from-yesterday-to-today\/","url":"https:\/\/www.vercors-resistance.fr\/en\/the-pioneers-of-the-vercors-from-yesterday-to-today\/","name":"The Pioneers of the Vercors, from yesterday to today - Association nationale des pionniers et combattants volontaires du maquis du Vercors","isPartOf":{"@id":"https:\/\/www.vercors-resistance.fr\/#website"},"primaryImageOfPage":{"@id":"https:\/\/www.vercors-resistance.fr\/en\/the-pioneers-of-the-vercors-from-yesterday-to-today\/#primaryimage"},"image":{"@id":"https:\/\/www.vercors-resistance.fr\/en\/the-pioneers-of-the-vercors-from-yesterday-to-today\/#primaryimage"},"thumbnailUrl":"https:\/\/www.vercors-resistance.fr\/wp-content\/uploads\/2020\/03\/DSC_0033-copie.jpg","datePublished":"2021-03-09T13:26:04+00:00","dateModified":"2021-03-09T13:26:10+00:00","breadcrumb":{"@id":"https:\/\/www.vercors-resistance.fr\/en\/the-pioneers-of-the-vercors-from-yesterday-to-today\/#breadcrumb"},"inLanguage":"en-US","potentialAction":[{"@type":"ReadAction","target":["https:\/\/www.vercors-resistance.fr\/en\/the-pioneers-of-the-vercors-from-yesterday-to-today\/"]}]},{"@type":"ImageObject","inLanguage":"en-US","@id":"https:\/\/www.vercors-resistance.fr\/en\/the-pioneers-of-the-vercors-from-yesterday-to-today\/#primaryimage","url":"https:\/\/www.vercors-resistance.fr\/wp-content\/uploads\/2020\/03\/DSC_0033-copie.jpg","contentUrl":"https:\/\/www.vercors-resistance.fr\/wp-content\/uploads\/2020\/03\/DSC_0033-copie.jpg"},{"@type":"BreadcrumbList","@id":"https:\/\/www.vercors-resistance.fr\/en\/the-pioneers-of-the-vercors-from-yesterday-to-today\/#breadcrumb","itemListElement":[{"@type":"ListItem","position":1,"name":"Accueil","item":"https:\/\/www.vercors-resistance.fr\/en\/"},{"@type":"ListItem","position":2,"name":"The Pioneers of the Vercors, from yesterday to today"}]},{"@type":"WebSite","@id":"https:\/\/www.vercors-resistance.fr\/#website","url":"https:\/\/www.vercors-resistance.fr\/","name":"Association nationale des pionniers et combattants volontaires du maquis du Vercors","description":"La flamme de la r\u00e9sistance fran\u00e7aise ne doit pas s\u2019\u00e9teindre et ne s\u2019\u00e9teindra pas &lt;span&gt;Charles de Gaulle, appel du 18 juin 1940&lt;\/span&gt;","potentialAction":[{"@type":"SearchAction","target":{"@type":"EntryPoint","urlTemplate":"https:\/\/www.vercors-resistance.fr\/?s={search_term_string}"},"query-input":{"@type":"PropertyValueSpecification","valueRequired":true,"valueName":"search_term_string"}}],"inLanguage":"en-US"}]}},"_links":{"self":[{"href":"https:\/\/www.vercors-resistance.fr\/en\/wp-json\/wp\/v2\/pages\/5887","targetHints":{"allow":["GET"]}}],"collection":[{"href":"https:\/\/www.vercors-resistance.fr\/en\/wp-json\/wp\/v2\/pages"}],"about":[{"href":"https:\/\/www.vercors-resistance.fr\/en\/wp-json\/wp\/v2\/types\/page"}],"author":[{"embeddable":true,"href":"https:\/\/www.vercors-resistance.fr\/en\/wp-json\/wp\/v2\/users\/1"}],"replies":[{"embeddable":true,"href":"https:\/\/www.vercors-resistance.fr\/en\/wp-json\/wp\/v2\/comments?post=5887"}],"version-history":[{"count":0,"href":"https:\/\/www.vercors-resistance.fr\/en\/wp-json\/wp\/v2\/pages\/5887\/revisions"}],"wp:attachment":[{"href":"https:\/\/www.vercors-resistance.fr\/en\/wp-json\/wp\/v2\/media?parent=5887"}],"curies":[{"name":"wp","href":"https:\/\/api.w.org\/{rel}","templated":true}]}}