{"id":6027,"date":"2021-03-09T15:48:44","date_gmt":"2021-03-09T14:48:44","guid":{"rendered":"https:\/\/www.vercors-resistance.fr\/?page_id=6027"},"modified":"2021-03-09T15:48:47","modified_gmt":"2021-03-09T14:48:47","slug":"legals","status":"publish","type":"page","link":"https:\/\/www.vercors-resistance.fr\/en\/legals\/","title":{"rendered":"Legals"},"content":{"rendered":"\n<h2 class=\"wp-block-heading\">Site web<\/h2>\n\n\n\n<p><strong><em>D\u00e9nomination :<\/em><\/strong>  ASSOCIATION NATIONALE DES PIONNIERS ET COMBATTANTS VOLONTAIRES DU VERCORS <\/p>\n\n\n\n<p><em><strong>Adresse&nbsp;:<\/strong><\/em> 26 rue Claude GENIN &#8211; 38100 GRENOBLE<\/p>\n\n\n\n<p><em><strong>Num\u00e9ro de t\u00e9l\u00e9phone&nbsp;:<\/strong><\/em>  04 76 54 44 95 <\/p>\n\n\n\n<p><em><strong>Directeur de la publication&nbsp;:<\/strong><\/em> Daniel HUILLIER<\/p>\n\n\n\n<p><em><strong>Responsable \u00e9ditorial : <\/strong><\/em>Michel PERNET<\/p>\n\n\n\n<p><strong><em>R\u00e9alisation du site web :<\/em><\/strong> Mathieu FOLCO<\/p>\n\n\n\n<h2 class=\"wp-block-heading\">H\u00e9bergeur<\/h2>\n\n\n\n<p><strong><em>Nom&nbsp;:<\/em><\/strong> PHPNET<\/p>\n\n\n\n<p><strong><em> Statut juridique :<\/em><\/strong> SASU <\/p>\n\n\n\n<p> <strong><em>Adresse : <\/em><\/strong>97-97 Bis Rue G\u00e9n\u00e9ral Mangin, 38100 Grenoble <\/p>\n\n\n\n<p><strong><em>T\u00e9l\u00e9phone : <\/em><\/strong>04 82 53 02 10 <\/p>\n\n\n\n<h2 class=\"wp-block-heading\"><strong>Politique d\u2019utilisation des donn\u00e9es personnelles<\/strong> <strong>du site de l\u2019Association nationale des pionniers et combattants volontaires du maquis du Vercors &#8211; familles et amis<\/strong><\/h2>\n\n\n\n<p>Derni\u00e8re mise \u00e0 jour le 30 mars 2020<\/p>\n\n\n\n<p>La pr\u00e9sente politique d\u2019utilisation des donn\u00e9es personnelles est faite par L\u2019ASSOCIATION NATIONALE DES PIONNIERS ET COMBATTANTS VOLONTAIRES DU MAQUIS DU VERCORS &#8211; FAMILLES ET AMIS  (\u00ab&nbsp;l\u2019Association&nbsp;\u00bb), \u00e9diteur du site https:\/\/www.vercors-resistance.fr\/ (\u00ab&nbsp;le Site\u00bb), conform\u00e9ment aux dispositions de la Loi n\u00b078-17 du 6 janvier 1978 r\u00e9vis\u00e9e (dite \u00ab Loi informatique et libert\u00e9s \u00bb ou \u00ab LIL \u00bb) et du R\u00e8glement G\u00e9n\u00e9ral sur la Protection des Donn\u00e9es (\u00ab RGPD \u00bb) n\u00b02016\/679.<\/p>\n\n\n\n<p>Elle est destin\u00e9e aux <strong>Utilisateurs<\/strong> du site, \u00e0 savoir les Visiteurs du site, adh\u00e9rents ou non, qui utilisent le formulaire de contact.<\/p>\n\n\n\n<p>Elle vise \u00e0 informer les Utilisateurs des conditions dans lesquelles sont collect\u00e9es et trait\u00e9es leurs donn\u00e9es \u00e0 caract\u00e8re personnel (ci-apr\u00e8s \u00ab&nbsp;les Donn\u00e9es), et ce en conformit\u00e9 avec l\u2019article 13 du RGPD.<\/p>\n\n\n\n<p>La pr\u00e9sente Politique est disponible par t\u00e9l\u00e9chargement au moyen d\u2019un lien pr\u00e9sent sur le site, et est accept\u00e9e par les Utilisateurs au moment de l\u2019utilisation du formulaire de contact.<\/p>\n\n\n\n<ol class=\"wp-block-list\"><li><strong>Identit\u00e9 du responsable du traitement<\/strong><\/li><\/ol>\n\n\n\n<p>Le responsable du traitement est L\u2019ASSOCIATION NATIONALE DES PIONNIERS ET COMBATTANTS VOLONTAIRES DU MAQUIS DU VERCORS, Association r\u00e9gie par la loi du 1<sup>er<\/sup> juillet 1901, dont le si\u00e8ge social est 26 rue Claude G\u00e9nin 38100 GRENOBLE.<\/p>\n\n\n\n<ol class=\"wp-block-list\" start=\"2\"><li><strong>Coordonn\u00e9es de la personne en charge de la politique d\u2019utilisation des donn\u00e9es personnelles au sein de l\u2019association<\/strong><\/li><\/ol>\n\n\n\n<p>Monsieur Didier Croibier Muscat<\/p>\n\n\n\n<p>Adresse email&nbsp;: vercorssg@gmail.com<\/p>\n\n\n\n<p>Toute demande par courrier devra \u00eatre adress\u00e9e au si\u00e8ge de la Soci\u00e9t\u00e9.<\/p>\n\n\n\n<ol class=\"wp-block-list\" start=\"3\"><li><strong>Registre des traitements<\/strong><\/li><\/ol>\n\n\n\n<p>Au regard du faible volume de donn\u00e9es \u00e0 caract\u00e8re personnel collect\u00e9es, l\u2019Association ne tient pas de registre des traitements de donn\u00e9es personnelles.<\/p>\n\n\n\n<ol class=\"wp-block-list\" start=\"4\"><li><strong>Personnes concern\u00e9es par les traitements<\/strong><\/li><\/ol>\n\n\n\n<p>Les personnes concern\u00e9es par les traitements sont de premi\u00e8re part les Utilisateurs du Site qui utilisent le formulaire de contact.<\/p>\n\n\n\n<ol class=\"wp-block-list\" start=\"5\"><li><strong>Donn\u00e9es trait\u00e9es<\/strong><\/li><\/ol>\n\n\n\n<p>L\u2019Association traite les Donn\u00e9es n\u00e9cessaires \u00e0 l\u2019utilisation du formulaire de contact, \u00e0 savoir&nbsp;: le nom et l\u2019adresse mail.<\/p>\n\n\n\n<p>Les donn\u00e9es relatives aux traceurs (cookies) sont explicit\u00e9es \u00e0 l\u2019article \u00ab Cookies \u00bb.<\/p>\n\n\n\n<ol class=\"wp-block-list\" start=\"6\"><li><strong>Conditions de la collecte<\/strong><\/li><\/ol>\n\n\n\n<p>Les donn\u00e9es \u00e0 caract\u00e8re personnel sont collect\u00e9es lorsque&nbsp;:<\/p>\n\n\n\n<ul class=\"wp-block-list\"><li>L\u2019Utilisateur utilise le formulaire de contact sur le Site&nbsp;;<\/li><li>L\u2019Utilisateur navigue sur le site de l\u2019Association (cookies).<\/li><\/ul>\n\n\n\n<ol class=\"wp-block-list\" start=\"7\"><li><strong>Finalit\u00e9s du traitement des donn\u00e9es \u00e0 caract\u00e8re personnel<\/strong><\/li><\/ol>\n\n\n\n<p>L\u2019Association traite les Donn\u00e9es aux fins suivantes, en conformit\u00e9 avec le r\u00e9f\u00e9rentiel CNIL du 28 d\u00e9cembre 2018&nbsp;:<\/p>\n\n\n\n<ul class=\"wp-block-list\"><li>R\u00e9ponse aux demandes des Visiteurs du site utilisant le formulaire de contact&nbsp;;<\/li><li>Gestion de la liste de contacts&nbsp;;<\/li><\/ul>\n\n\n\n<ol class=\"wp-block-list\" start=\"8\"><li><strong>Base l\u00e9gale des traitements de donn\u00e9es \u00e0 caract\u00e8re personnel<\/strong><\/li><\/ol>\n\n\n\n<p>Le traitement des Donn\u00e9es des Utilisateurs par l\u2019Association s\u2019appuie sur les bases l\u00e9gales suivantes&nbsp;:<\/p>\n\n\n\n<ul class=\"wp-block-list\"><li>le consentement de l\u2019Utilisateur au traitement de ses Donn\u00e9es, pour des finalit\u00e9s sp\u00e9cifiques (en l\u2019esp\u00e8ce&nbsp;: utilisation du formulaire de contact, cookies)&nbsp;;<\/li><li>le traitement de demandes \u00e0 caract\u00e8re pr\u00e9contractuel, notamment pour les demandes d\u2019adh\u00e9sion \u00e0 l\u2019association&nbsp;;<\/li><\/ul>\n\n\n\n<ol class=\"wp-block-list\" start=\"9\"><li><strong>Destinataires<\/strong><\/li><\/ol>\n\n\n\n<p>Dans le cadre de ses activit\u00e9s et aux fins de gestion des Commandes, l\u2019Association peut \u00eatre amen\u00e9e \u00e0 transmettre les donn\u00e9es de ses Utilisateurs \u00e0 diff\u00e9rents destinataires, et notamment les sous-traitants indiqu\u00e9s en article 10.<\/p>\n\n\n\n<p>L\u2019Utilisateur d\u00e9clare accepter sans r\u00e9serve la transmission de ces donn\u00e9es \u00e0 ces types de destinataires.<\/p>\n\n\n\n<ol class=\"wp-block-list\" start=\"10\"><li><strong>Sous-traitants<\/strong><\/li><\/ol>\n\n\n\n<p>Les Utilisateurs sont inform\u00e9s et acceptent que l\u2019Association fasse appel \u00e0 des sous-traitants pour certains traitements de leurs donn\u00e9es personnelles. En particulier, l\u2019h\u00e9bergement du Site est sous-trait\u00e9 \u00e0 la soci\u00e9t\u00e9 PHPNET 97-97 Bis rue G\u00e9n\u00e9ral MANGIN 38100 GRENOBLE.<\/p>\n\n\n\n<p>L\u2019Association a conclu un contrat \u00e9crit avec chacun de ses sous-traitants respectant les obligations de la loi informatique et libert\u00e9s et du RGPD. Chaque sous-traitant n\u2019agit que sur instructions de l\u2019Association et s\u2019engage \u00e0 offrir les m\u00eames garanties de protection des donn\u00e9es personnelles. Chaque sous-traitant met en \u0153uvre les mesures techniques et organisationnelles appropri\u00e9es de mani\u00e8re \u00e0 ce que les traitements de donn\u00e9es soient conformes aux exigences l\u00e9gales et r\u00e8glementaires.<\/p>\n\n\n\n<p>L\u2019Association s&#8217;engage \u00e0 faire appel uniquement \u00e0 des sous-traitants :<\/p>\n\n\n\n<ul class=\"wp-block-list\"><li>\u00e9tablis dans un pays de l&#8217;Union Europ\u00e9enne ou<\/li><li>\u00e9tablis dans un pays pr\u00e9sentant un niveau de protection dit ad\u00e9quat au sens des autorit\u00e9s europ\u00e9ennes de protection des donn\u00e9es ou<\/li><li>disposant de garanties appropri\u00e9es en application de l&#8217;article 46 du RGDP.<\/li><\/ul>\n\n\n\n<p>A d\u00e9faut, le transfert de donn\u00e9es ne pourra se faire que dans le respect de l\u2019article 49 du RGPD.<\/p>\n\n\n\n<p>La liste des sous-traitants est tenue \u00e0 la disposition des personnes concern\u00e9es par les traitements sur demande \u00e9crite. L\u2019Association s&#8217;engage \u00e0 informer chaque personne concern\u00e9e de l&#8217;ajout ou changement de sous-traitant par courrier \u00e9lectronique dans les plus brefs d\u00e9lais. L\u2019Utilisateur formulera toute observation ou objection par \u00e9crit dans les quinze jours \u00e0 compter de la r\u00e9ception de cette information. A d\u00e9faut de r\u00e9ponse de l\u2019Utilisateur dans ce d\u00e9lai la personne concern\u00e9e reconna\u00eet avoir ainsi autoris\u00e9 ledit sous-traitant. L\u2019Association apportera \u00e0 la personne concern\u00e9e toute information permettant d&#8217;\u00e9tablir la conformit\u00e9 du sous-traitant aux exigences de la r\u00e9glementation.<\/p>\n\n\n\n<ol class=\"wp-block-list\" start=\"11\"><li><strong>Dur\u00e9es de conservation<\/strong><\/li><\/ol>\n\n\n\n<p>Les donn\u00e9es \u00e0 caract\u00e8re personnel de l\u2019Utilisateur sont conserv\u00e9es pendant une dur\u00e9e n\u2019exc\u00e9dant pas celle n\u00e9cessaire aux finalit\u00e9s pour lesquelles elles sont collect\u00e9es.<\/p>\n\n\n\n<p>Sp\u00e9cifiquement, les Donn\u00e9es issues de l\u2019utilisation du formulaire de contact sont conserv\u00e9es pour une dur\u00e9e de deux ans, et effac\u00e9es par la suite.<\/p>\n\n\n\n<ol class=\"wp-block-list\" start=\"12\"><li><strong>Profilage<\/strong><\/li><\/ol>\n\n\n\n<p>Aucun traitement \u00e0 des fins de profilage, d\u00e9cisionnel ou non, n\u2019est r\u00e9alis\u00e9 par l\u2019Association sur les Donn\u00e9es des Utilisateurs.<\/p>\n\n\n\n<ol class=\"wp-block-list\" start=\"13\"><li><strong>Politique en mati\u00e8re de cookies<\/strong><\/li><\/ol>\n\n\n\n<p>Un cookie est un fichier texte (un traceur) plac\u00e9 ou stock\u00e9 sur le terminal de l\u2019internaute (ordinateur, tablette ou appareil mobile) lorsqu\u2019il visite le Site internet. Le cookie permet au site de le reconna\u00eetre, de l\u2019aider \u00e0 naviguer de page en page sur un site internet, etc.<\/p>\n\n\n\n<p>Le Site internet utilise des cookies strictement n\u00e9cessaires \u00e0 la fourniture des services en ligne. Avant de d\u00e9poser ou lire un cookie, l\u2019Association informe les internautes utilisateurs du site de la finalit\u00e9 des cookies par un bandeau d\u2019information.<\/p>\n\n\n\n<p>L\u2019Association utilise, sur le Site internet, les cookies suivants&nbsp;:<\/p>\n\n\n\n<ul class=\"wp-block-list\"><li><em>Des cookies de mesures d\u2019audience (Google Analytics)<\/em><\/li><\/ul>\n\n\n\n<p>Le bandeau d\u2019information pr\u00e9voit un renvoi de l&#8217;internaute vers les choix d&#8217;opposition pour les cookies n\u00e9cessitant un consentement.<\/p>\n\n\n\n<p>Ce bandeau est maintenu tant que l\u2019internaute n\u2019a pas poursuivi sa navigation, c&#8217;est-\u00e0-dire tant qu&#8217;il ne s&#8217;est pas rendu sur une autre page du site ou n&#8217;a pas cliqu\u00e9 sur un \u00e9l\u00e9ment du site.<\/p>\n\n\n\n<p>Le d\u00e9p\u00f4t et la lecture de cookies ne sont pas effectu\u00e9s :<\/p>\n\n\n\n<ul class=\"wp-block-list\"><li>si l&#8217;utilisateur se rend sur le site (page d&#8217;accueil ou directement sur une autre page du site \u00e0 partir d&#8217;un moteur de recherche par exemple) et ne poursuit pas sa navigation&nbsp;;<\/li><li>s&#8217;il clique sur le lien pr\u00e9sent dans le bandeau d\u2019information, lui permettant de param\u00e9trer les cookies et, le cas \u00e9ch\u00e9ant, refuser le d\u00e9p\u00f4t de cookies, lorsque le cookie n\u00e9cessite le consentement expr\u00e8s de l\u2019internaute.<\/li><\/ul>\n\n\n\n<p>Vous pouvez d\u00e9sactiver les cookies en suivant les instructions suivantes en fonction de votre navigateur :<\/p>\n\n\n\n<ul class=\"wp-block-list\"><li>Microsoft Internet Explorer :&nbsp;<a href=\"http:\/\/windows.microsoft.com\/fr-FR\/windows-vista\/Block-or-allow-cookies\" target=\"_blank\" rel=\"noreferrer noopener nofollow\">http:\/\/windows.microsoft.com\/fr-FR\/windows-vista\/B&#8230;<\/a><\/li><li>Google Chrome :&nbsp;<a href=\"http:\/\/support.google.com\/chrome\/bin\/answer.py?hl=fr&amp;hlrm=en&amp;answer=95647\" target=\"_blank\" rel=\"noreferrer noopener nofollow\">http:\/\/support.google.com\/chrome\/bin\/answer.py?hl=&#8230;<\/a><\/li><li>Safari :&nbsp;<a href=\"http:\/\/docs.info.apple.com\/article.html?path=Safari\/3.0\/fr\/9277.html\" target=\"_blank\" rel=\"noreferrer noopener nofollow\">http:\/\/docs.info.apple.com\/article.html?path=Safar&#8230;<\/a><\/li><li>Firefox :&nbsp;<a href=\"http:\/\/support.mozilla.org\/fr\/kb\/Activer%20et%20d\u00e9sactiver%20les%20cookies\" target=\"_blank\" rel=\"noreferrer noopener\">http:\/\/support.mozilla.org\/fr\/kb\/Activer%20et%20d%&#8230;<\/a><\/li><li>Op\u00e9ra :&nbsp;<a href=\"http:\/\/help.opera.com\/Windows\/10.20\/fr\/cookies.html\" target=\"_blank\" rel=\"noreferrer noopener\">http:\/\/help.opera.com\/Windows\/10.20\/fr\/cookies.htm&#8230;<\/a><\/li><\/ul>\n\n\n\n<p>Vous pouvez \u00e9galement param\u00e9trer votre navigateur afin que celui-ci envoie un code indiquant aux sites Web que vous ne souhaitez pas \u00eatre suivi (option \u00ab Do No Track \u00bb) :<\/p>\n\n\n\n<ul class=\"wp-block-list\"><li>Internet Explorer :&nbsp;<a href=\"#ie=ie-11\" target=\"_blank\" rel=\"noreferrer noopener nofollow\">http:\/\/windows.microsoft.com\/fr-fr\/internet-explor&#8230;<\/a><\/li><li>Safari :&nbsp;<a href=\"http:\/\/support.apple.com\/kb\/PH11952\" target=\"_blank\" rel=\"noreferrer noopener nofollow\">http:\/\/support.apple.com\/kb\/PH11952<\/a><\/li><li>Chrome :&nbsp;<a href=\"https:\/\/support.google.com\/chrome\/answer\/114836\" target=\"_blank\" rel=\"noreferrer noopener nofollow\">https:\/\/support.google.com\/chrome\/answer\/114836<\/a>?<\/li><li>Firefox :&nbsp;<a href=\"https:\/\/support.mozilla.org\/fr\/kb\/comment-activer-option-ne-pas-pister\" target=\"_blank\" rel=\"noreferrer noopener nofollow\">https:\/\/support.mozilla.org\/fr\/kb\/comment-activer-&#8230;<\/a><\/li><li>Opera :&nbsp;<a href=\"http:\/\/help.opera.com\/Windows\/12.10\/fr\/notrack.html\" target=\"_blank\" rel=\"noreferrer noopener nofollow\">http:\/\/help.opera.com\/Windows\/12.10\/fr\/notrack.htm&#8230;<\/a><\/li><\/ul>\n\n\n\n<ol class=\"wp-block-list\" start=\"14\"><li><strong>Sort des donn\u00e9es \u00e0 caract\u00e8re personnel apr\u00e8s le d\u00e9c\u00e8s<\/strong><\/li><\/ol>\n\n\n\n<p>L\u2019Utilisateur peut d\u00e9finir des directives relatives \u00e0 la conservation, \u00e0 l\u2019effacement et \u00e0 la communication de ses donn\u00e9es personnelles apr\u00e8s son d\u00e9c\u00e8s. Ces directives peuvent \u00eatre g\u00e9n\u00e9rales ou particuli\u00e8res.<\/p>\n\n\n\n<p>En l\u2019esp\u00e8ce, l\u2019Utilisateur peut transmettre ses directives particuli\u00e8res concernant ses donn\u00e9es personnelles collect\u00e9es sur le Site en s\u2019adressant \u00e0&nbsp;: <a href=\"mailto:vercorssg@gmail.com\">vercorssg@gmail.com<\/a>.<\/p>\n\n\n\n<ol class=\"wp-block-list\" start=\"15\"><li><strong>Droit d\u2019acc\u00e8s, de rectification, de suppression et de portabilit\u00e9 des donn\u00e9es<\/strong><\/li><\/ol>\n\n\n\n<p>L\u2019Utilisateur b\u00e9n\u00e9ficie d\u2019un droit d\u2019acc\u00e8s, d\u2019opposition, de rectification, de suppression et de portabilit\u00e9 de ses donn\u00e9es personnelles.<\/p>\n\n\n\n<p>Il a le droit de retirer son consentement \u00e0 tout moment si le consentement constitue la base l\u00e9gale du traitement.<\/p>\n\n\n\n<p>L\u2019Utilisateur peut \u00e9galement s\u2019opposer sans motif \u00e0 toute prospection de la part de l\u2019Association ou de ses partenaires, et \u00e0 tout moment se d\u00e9sinscrire de la liste de diffusion de l\u2019Association (ou de son partenaire) par un simple clic de d\u00e9sinscription, qui sera pris en compte sous 10 jours ouvr\u00e9s.<\/p>\n\n\n\n<p>L\u2019Utilisateur peut exercer ses droits en s\u2019adressant \u00e0 l\u2019Association \u00e0 l\u2019adresse suivante&nbsp;: vercorssg@gmail.com<\/p>\n\n\n\n<p>La demande devra indiquer les nom et pr\u00e9nom et adresse e-mail ou postale de la personne concern\u00e9e. L\u2019Association y r\u00e9pondra dans un d\u00e9lai d\u2019un mois, sauf difficult\u00e9s particuli\u00e8res, dont elle informera la personne concern\u00e9e<\/p>\n\n\n\n<ol class=\"wp-block-list\" start=\"16\"><li><strong>R\u00e9clamation<\/strong><\/li><\/ol>\n\n\n\n<p>L\u2019Utilisateur est inform\u00e9 de son droit d\u2019introduire une r\u00e9clamation aupr\u00e8s de l\u2019autorit\u00e9 de contr\u00f4le (CNIL), en cas de litige quant au traitement de ses Donn\u00e9es, via le lien suivant&nbsp;: <a href=\"https:\/\/www.cnil.fr\/fr\/plaintes\" target=\"_blank\" rel=\"noreferrer noopener nofollow\">https:\/\/www.cnil.fr\/fr\/plaintes<\/a>.<\/p>\n","protected":false},"excerpt":{"rendered":"<p>Site web D\u00e9nomination : ASSOCIATION NATIONALE DES PIONNIERS ET COMBATTANTS VOLONTAIRES DU VERCORS Adresse&nbsp;: 26 rue Claude GENIN &#8211; 38100 GRENOBLE Num\u00e9ro de t\u00e9l\u00e9phone&nbsp;: 04 76 54 44 95 Directeur de la publication&nbsp;: Daniel HUILLIER Responsable \u00e9ditorial : Michel PERNET R\u00e9alisation du site web : Mathieu FOLCO H\u00e9bergeur Nom&nbsp;: PHPNET Statut juridique : SASU Adresse (&#8230;) <a href=\"https:\/\/www.vercors-resistance.fr\/en\/legals\/\">Lire la suite<\/a><\/p>\n","protected":false},"author":1,"featured_media":0,"parent":0,"menu_order":0,"comment_status":"closed","ping_status":"closed","template":"","meta":{"_acf_changed":false,"_exactmetrics_skip_tracking":false,"_exactmetrics_sitenote_active":false,"_exactmetrics_sitenote_note":"","_exactmetrics_sitenote_category":0,"footnotes":""},"class_list":["post-6027","page","type-page","status-publish","hentry"],"acf":[],"yoast_head":"<!-- This site is optimized with the Yoast SEO plugin v27.5 - https:\/\/yoast.com\/product\/yoast-seo-wordpress\/ -->\n<title>Legals - Association nationale des pionniers et combattants volontaires du maquis du Vercors<\/title>\n<meta name=\"robots\" content=\"index, follow, max-snippet:-1, max-image-preview:large, max-video-preview:-1\" \/>\n<link rel=\"canonical\" href=\"https:\/\/www.vercors-resistance.fr\/en\/legals\/\" \/>\n<meta property=\"og:locale\" content=\"en_US\" \/>\n<meta property=\"og:type\" content=\"article\" \/>\n<meta property=\"og:title\" content=\"Legals - Association nationale des pionniers et combattants volontaires du maquis du Vercors\" \/>\n<meta property=\"og:description\" content=\"Site web D\u00e9nomination : ASSOCIATION NATIONALE DES PIONNIERS ET COMBATTANTS VOLONTAIRES DU VERCORS Adresse&nbsp;: 26 rue Claude GENIN &#8211; 38100 GRENOBLE Num\u00e9ro de t\u00e9l\u00e9phone&nbsp;: 04 76 54 44 95 Directeur de la publication&nbsp;: Daniel HUILLIER Responsable \u00e9ditorial : Michel PERNET R\u00e9alisation du site web : Mathieu FOLCO H\u00e9bergeur Nom&nbsp;: PHPNET Statut juridique : SASU Adresse (...) Lire la suite\" \/>\n<meta property=\"og:url\" content=\"https:\/\/www.vercors-resistance.fr\/en\/legals\/\" \/>\n<meta property=\"og:site_name\" content=\"Association nationale des pionniers et combattants volontaires du maquis du Vercors\" \/>\n<meta property=\"article:modified_time\" content=\"2021-03-09T14:48:47+00:00\" \/>\n<meta name=\"twitter:card\" content=\"summary_large_image\" \/>\n<meta name=\"twitter:label1\" content=\"Est. reading time\" \/>\n\t<meta name=\"twitter:data1\" content=\"7 minutes\" \/>\n<script type=\"application\/ld+json\" class=\"yoast-schema-graph\">{\"@context\":\"https:\\\/\\\/schema.org\",\"@graph\":[{\"@type\":\"WebPage\",\"@id\":\"https:\\\/\\\/www.vercors-resistance.fr\\\/en\\\/legals\\\/\",\"url\":\"https:\\\/\\\/www.vercors-resistance.fr\\\/en\\\/legals\\\/\",\"name\":\"Legals - Association nationale des pionniers et combattants volontaires du maquis du Vercors\",\"isPartOf\":{\"@id\":\"https:\\\/\\\/www.vercors-resistance.fr\\\/#website\"},\"datePublished\":\"2021-03-09T14:48:44+00:00\",\"dateModified\":\"2021-03-09T14:48:47+00:00\",\"breadcrumb\":{\"@id\":\"https:\\\/\\\/www.vercors-resistance.fr\\\/en\\\/legals\\\/#breadcrumb\"},\"inLanguage\":\"en-US\",\"potentialAction\":[{\"@type\":\"ReadAction\",\"target\":[\"https:\\\/\\\/www.vercors-resistance.fr\\\/en\\\/legals\\\/\"]}]},{\"@type\":\"BreadcrumbList\",\"@id\":\"https:\\\/\\\/www.vercors-resistance.fr\\\/en\\\/legals\\\/#breadcrumb\",\"itemListElement\":[{\"@type\":\"ListItem\",\"position\":1,\"name\":\"Accueil\",\"item\":\"https:\\\/\\\/www.vercors-resistance.fr\\\/en\\\/\"},{\"@type\":\"ListItem\",\"position\":2,\"name\":\"Legals\"}]},{\"@type\":\"WebSite\",\"@id\":\"https:\\\/\\\/www.vercors-resistance.fr\\\/#website\",\"url\":\"https:\\\/\\\/www.vercors-resistance.fr\\\/\",\"name\":\"Association nationale des pionniers et combattants volontaires du maquis du Vercors\",\"description\":\"La flamme de la r\u00e9sistance fran\u00e7aise ne doit pas s\u2019\u00e9teindre et ne s\u2019\u00e9teindra pas &lt;span&gt;Charles de Gaulle, appel du 18 juin 1940&lt;\\\/span&gt;\",\"potentialAction\":[{\"@type\":\"SearchAction\",\"target\":{\"@type\":\"EntryPoint\",\"urlTemplate\":\"https:\\\/\\\/www.vercors-resistance.fr\\\/?s={search_term_string}\"},\"query-input\":{\"@type\":\"PropertyValueSpecification\",\"valueRequired\":true,\"valueName\":\"search_term_string\"}}],\"inLanguage\":\"en-US\"}]}<\/script>\n<!-- \/ Yoast SEO plugin. -->","yoast_head_json":{"title":"Legals - Association nationale des pionniers et combattants volontaires du maquis du Vercors","robots":{"index":"index","follow":"follow","max-snippet":"max-snippet:-1","max-image-preview":"max-image-preview:large","max-video-preview":"max-video-preview:-1"},"canonical":"https:\/\/www.vercors-resistance.fr\/en\/legals\/","og_locale":"en_US","og_type":"article","og_title":"Legals - Association nationale des pionniers et combattants volontaires du maquis du Vercors","og_description":"Site web D\u00e9nomination : ASSOCIATION NATIONALE DES PIONNIERS ET COMBATTANTS VOLONTAIRES DU VERCORS Adresse&nbsp;: 26 rue Claude GENIN &#8211; 38100 GRENOBLE Num\u00e9ro de t\u00e9l\u00e9phone&nbsp;: 04 76 54 44 95 Directeur de la publication&nbsp;: Daniel HUILLIER Responsable \u00e9ditorial : Michel PERNET R\u00e9alisation du site web : Mathieu FOLCO H\u00e9bergeur Nom&nbsp;: PHPNET Statut juridique : SASU Adresse (...) Lire la suite","og_url":"https:\/\/www.vercors-resistance.fr\/en\/legals\/","og_site_name":"Association nationale des pionniers et combattants volontaires du maquis du Vercors","article_modified_time":"2021-03-09T14:48:47+00:00","twitter_card":"summary_large_image","twitter_misc":{"Est. reading time":"7 minutes"},"schema":{"@context":"https:\/\/schema.org","@graph":[{"@type":"WebPage","@id":"https:\/\/www.vercors-resistance.fr\/en\/legals\/","url":"https:\/\/www.vercors-resistance.fr\/en\/legals\/","name":"Legals - Association nationale des pionniers et combattants volontaires du maquis du Vercors","isPartOf":{"@id":"https:\/\/www.vercors-resistance.fr\/#website"},"datePublished":"2021-03-09T14:48:44+00:00","dateModified":"2021-03-09T14:48:47+00:00","breadcrumb":{"@id":"https:\/\/www.vercors-resistance.fr\/en\/legals\/#breadcrumb"},"inLanguage":"en-US","potentialAction":[{"@type":"ReadAction","target":["https:\/\/www.vercors-resistance.fr\/en\/legals\/"]}]},{"@type":"BreadcrumbList","@id":"https:\/\/www.vercors-resistance.fr\/en\/legals\/#breadcrumb","itemListElement":[{"@type":"ListItem","position":1,"name":"Accueil","item":"https:\/\/www.vercors-resistance.fr\/en\/"},{"@type":"ListItem","position":2,"name":"Legals"}]},{"@type":"WebSite","@id":"https:\/\/www.vercors-resistance.fr\/#website","url":"https:\/\/www.vercors-resistance.fr\/","name":"Association nationale des pionniers et combattants volontaires du maquis du Vercors","description":"La flamme de la r\u00e9sistance fran\u00e7aise ne doit pas s\u2019\u00e9teindre et ne s\u2019\u00e9teindra pas &lt;span&gt;Charles de Gaulle, appel du 18 juin 1940&lt;\/span&gt;","potentialAction":[{"@type":"SearchAction","target":{"@type":"EntryPoint","urlTemplate":"https:\/\/www.vercors-resistance.fr\/?s={search_term_string}"},"query-input":{"@type":"PropertyValueSpecification","valueRequired":true,"valueName":"search_term_string"}}],"inLanguage":"en-US"}]}},"_links":{"self":[{"href":"https:\/\/www.vercors-resistance.fr\/en\/wp-json\/wp\/v2\/pages\/6027","targetHints":{"allow":["GET"]}}],"collection":[{"href":"https:\/\/www.vercors-resistance.fr\/en\/wp-json\/wp\/v2\/pages"}],"about":[{"href":"https:\/\/www.vercors-resistance.fr\/en\/wp-json\/wp\/v2\/types\/page"}],"author":[{"embeddable":true,"href":"https:\/\/www.vercors-resistance.fr\/en\/wp-json\/wp\/v2\/users\/1"}],"replies":[{"embeddable":true,"href":"https:\/\/www.vercors-resistance.fr\/en\/wp-json\/wp\/v2\/comments?post=6027"}],"version-history":[{"count":0,"href":"https:\/\/www.vercors-resistance.fr\/en\/wp-json\/wp\/v2\/pages\/6027\/revisions"}],"wp:attachment":[{"href":"https:\/\/www.vercors-resistance.fr\/en\/wp-json\/wp\/v2\/media?parent=6027"}],"curies":[{"name":"wp","href":"https:\/\/api.w.org\/{rel}","templated":true}]}}